{"id":388,"date":"2015-08-04T15:32:26","date_gmt":"2015-08-04T15:32:26","guid":{"rendered":"http:\/\/theme-fusion.com\/avada\/church-xml\/?page_id=388"},"modified":"2016-10-27T08:23:55","modified_gmt":"2016-10-27T07:23:55","slug":"programme","status":"publish","type":"page","link":"https:\/\/events.chuliege.be\/sympo2016\/programme\/","title":{"rendered":"Programme scientifique"},"content":{"rendered":"<div class=\"fusion-fullwidth fullwidth-box fusion-builder-row-1 nonhundred-percent-fullwidth non-hundred-percent-height-scrolling\" style=\"--awb-background-position:left top;--awb-border-radius-top-left:0px;--awb-border-radius-top-right:0px;--awb-border-radius-bottom-right:0px;--awb-border-radius-bottom-left:0px;--awb-padding-top:20px;--awb-padding-right:10%;--awb-padding-bottom:30px;--awb-padding-left:10%;--awb-border-sizes-top:0px;--awb-border-sizes-bottom:0px;--awb-flex-wrap:wrap;\" ><div class=\"fusion-builder-row fusion-row\"><div class=\"fusion-layout-column fusion_builder_column fusion-builder-column-0 fusion_builder_column_1_1 1_1 fusion-one-full fusion-column-first fusion-column-last fusion-column-no-min-height\" style=\"--awb-bg-size:cover;\"><div class=\"fusion-column-wrapper fusion-flex-column-wrapper-legacy\"><div class=\"fusion-text fusion-text-1\"><h2 style=\"text-align: center\">Le choc des pathos, le choix de l&rsquo;info !<\/h2>\n<h3 style=\"text-align: center\">Programme scientifique<\/h3>\n<\/div><div class=\"fusion-clearfix\"><\/div><\/div><\/div><div class=\"fusion-layout-column fusion_builder_column fusion-builder-column-1 fusion_builder_column_1_2 1_2 fusion-one-half fusion-column-first\" style=\"--awb-bg-size:cover;width:48%; margin-right: 4%;\"><div class=\"fusion-column-wrapper fusion-flex-column-wrapper-legacy\"><div class=\"fusion-text fusion-text-2\"><h3>AM<\/h3>\n<p><span style=\"color: #999999\">08:15 \u2013 08\u00a0:45 :\u00a0 Accueil<\/span><\/p>\n<p>08:45 \u2013 09:00<\/p>\n<h4 style=\"padding-left: 30px\"><span style=\"color: #3e7ccc\"><strong>Introduction<\/strong><\/span><\/p>\n<p><em>Mr. E. Maclot,\u00a0Directeur du D\u00e9partement Infirmier<\/em><\/h4>\n<p>09:00 \u2013 09:45<\/p>\n<h4 style=\"padding-left: 30px\"><strong><span style=\"color: #3e7ccc\">Maladies auto-immunes : principes et traitements<\/span><\/strong><\/p>\n<p><em>Dr. C. Von Frenckell,\u00a0Service de rhumatologie<\/em><\/h4>\n<p>09:45 \u2013 10:30<\/p>\n<h4 style=\"padding-left: 30px\"><strong><span style=\"color: #3e7ccc\">Le diab\u00e8te\u00a0: encore et toujours\u2026<\/span><\/strong><\/p>\n<p><em>Dr. N. Paquot, Chef de service associ\u00e9, Service de Diab\u00e9tologie, Nutrition et maladies m\u00e9taboliques<\/em><\/h4>\n<p><span style=\"color: #999999\">10:30 \u2013 11:00 : Pause sant\u00e9<\/span><\/p>\n<p>11:00 \u2013 11\u00a0:45<\/p>\n<h4 style=\"padding-left: 30px\"><strong><span style=\"color: #3e7ccc\">Le HIV\u00a0: o\u00f9 en sommes-nous aujourd\u2019hui\u00a0?<\/span><\/strong><\/p>\n<p><em>Dr JB. Giot,\u00a0Service des Maladies Infectieuses\u00a0<\/em><\/h4>\n<p>11\u00a0:45 &#8211; 12\u00a0:30<\/p>\n<h4 style=\"padding-left: 30px\"><strong><span style=\"color: #3e7ccc\">Les nouveaux anticoagulants<\/span><\/strong><\/p>\n<p><em>Prof. L. Pierard,\u00a0Chef de service,\u00a0Service de Cardiologie<\/em><\/h4>\n<\/div><div class=\"fusion-clearfix\"><\/div><\/div><\/div><div class=\"fusion-layout-column fusion_builder_column fusion-builder-column-2 fusion_builder_column_1_2 1_2 fusion-one-half fusion-column-last\" style=\"--awb-bg-size:cover;width:48%;\"><div class=\"fusion-column-wrapper fusion-flex-column-wrapper-legacy\"><div class=\"fusion-text fusion-text-3\"><h3>PM<\/h3>\n<p>12\u00a0:30 \u2013 13\u00a0:30 : Lunch<\/p>\n<p>13:30 \u2013 14\u00a0:15<\/p>\n<h4 style=\"padding-left: 30px\"><strong><span style=\"color: #3e7ccc\">La d\u00e9compensation cardiaque sous toutes ses formes<\/span><\/strong><\/p>\n<p><em>Dr. V. D\u2019Orio,\u00a0Service de Cardiologie<\/em><\/h4>\n<p>14\u00a0:15 \u2013 15\u00a0:00<\/p>\n<h4 style=\"padding-left: 30px\"><strong><span style=\"color: #3e7ccc\">La Bipap en pratique\u00a0: us et coutumes<\/span><\/strong><\/p>\n<p><em>Mr C. Remy,\u00a0Kin\u00e9sith\u00e9rapeute,\u00a0Unit\u00e9 des Br\u00fbl\u00e9s<\/em><\/h4>\n<p>15:00 \u2013 15\u00a0:45<\/p>\n<h4 style=\"padding-left: 30px\"><strong><span style=\"color: #3e7ccc\">Le projet th\u00e9rapeutique\u00a0: mythe ou r\u00e9alit\u00e9\u00a0?<\/span><\/strong><\/p>\n<p><em>Dr. N. Barthelemy,\u00a0Service de Radioth\u00e9rapie<\/em><\/h4>\n<p>15:45 \u2013 16\u00a0:30<\/p>\n<h4 style=\"padding-left: 30px\"><strong><span style=\"color: #3e7ccc\">Conclusions de la journ\u00e9e<\/span><\/strong><\/p>\n<p><em>Mr. H. Gilis,\u00a0Infirmier Chef de services<\/em><\/h4>\n<\/div><div class=\"fusion-clearfix\"><\/div><\/div><\/div><div class=\"fusion-layout-column fusion_builder_column fusion-builder-column-3 fusion_builder_column_1_1 1_1 fusion-one-full fusion-column-first fusion-column-last fusion-column-no-min-height\" style=\"--awb-bg-size:cover;\"><div class=\"fusion-column-wrapper fusion-flex-column-wrapper-legacy\"><div class=\"fusion-sep-clear\"><\/div><div class=\"fusion-separator fusion-full-width-sep\" style=\"margin-left: auto;margin-right: auto;margin-top:10px;margin-bottom:10px;width:100%;\"><\/div><div class=\"fusion-sep-clear\"><\/div><div class=\"fusion-text fusion-text-4\"><blockquote>\n<p><em>T\u00e9l\u00e9charger l&rsquo;affiche officielle en suivant <a href=\"http:\/\/www.chu.ulg.ac.be\/upload\/docs\/application\/pdf\/2016-06\/affiche_conges_octobre_2016_definitive.pdf\" target=\"_blank\">ce lien<\/a><\/em><\/p>\n<\/blockquote>\n<\/div><div class=\"fusion-aligncenter\"><a class=\"fusion-button button-flat fusion-button-default-size button-default fusion-button-default button-1 fusion-button-span-no fusion-button-default-type\" target=\"_self\" href=\"http:\/\/events.chu.ulg.ac.be\/sympo2016\/inscriptions\/\"><span class=\"fusion-button-text awb-button__text awb-button__text--default\">Je m&rsquo;inscris<\/span><\/a><\/div><div class=\"fusion-clearfix\"><\/div><\/div><\/div><\/div><\/div>\n","protected":false},"excerpt":{"rendered":"","protected":false},"author":6,"featured_media":0,"parent":0,"menu_order":0,"comment_status":"closed","ping_status":"open","template":"100-width.php","meta":{"footnotes":""},"class_list":["post-388","page","type-page","status-publish","hentry"],"_links":{"self":[{"href":"https:\/\/events.chuliege.be\/sympo2016\/wp-json\/wp\/v2\/pages\/388","targetHints":{"allow":["GET"]}}],"collection":[{"href":"https:\/\/events.chuliege.be\/sympo2016\/wp-json\/wp\/v2\/pages"}],"about":[{"href":"https:\/\/events.chuliege.be\/sympo2016\/wp-json\/wp\/v2\/types\/page"}],"author":[{"embeddable":true,"href":"https:\/\/events.chuliege.be\/sympo2016\/wp-json\/wp\/v2\/users\/6"}],"replies":[{"embeddable":true,"href":"https:\/\/events.chuliege.be\/sympo2016\/wp-json\/wp\/v2\/comments?post=388"}],"version-history":[{"count":29,"href":"https:\/\/events.chuliege.be\/sympo2016\/wp-json\/wp\/v2\/pages\/388\/revisions"}],"predecessor-version":[{"id":1574,"href":"https:\/\/events.chuliege.be\/sympo2016\/wp-json\/wp\/v2\/pages\/388\/revisions\/1574"}],"wp:attachment":[{"href":"https:\/\/events.chuliege.be\/sympo2016\/wp-json\/wp\/v2\/media?parent=388"}],"curies":[{"name":"wp","href":"https:\/\/api.w.org\/{rel}","templated":true}]}}