{"id":16,"date":"2015-05-27T18:46:40","date_gmt":"2015-05-27T18:46:40","guid":{"rendered":"http:\/\/theme-fusion.com\/avada\/church-xml\/?page_id=16"},"modified":"2016-10-27T08:23:55","modified_gmt":"2016-10-27T07:23:55","slug":"venirauchu","status":"publish","type":"page","link":"https:\/\/events.chuliege.be\/sympo2016\/venirauchu\/","title":{"rendered":"Venir au CHU"},"content":{"rendered":"<p><div class=\"fusion-fullwidth fullwidth-box fusion-builder-row-1 hundred-percent-fullwidth non-hundred-percent-height-scrolling fusion-equal-height-columns\" style=\"--awb-background-position:left top;--awb-border-radius-top-left:0px;--awb-border-radius-top-right:0px;--awb-border-radius-bottom-right:0px;--awb-border-radius-bottom-left:0px;--awb-padding-top:20px;--awb-padding-right:0px;--awb-padding-bottom:0px;--awb-padding-left:0px;--awb-border-sizes-top:0px;--awb-border-sizes-bottom:0px;--awb-flex-wrap:wrap;\" ><div class=\"fusion-builder-row fusion-row\"><div class=\"fusion-layout-column fusion_builder_column fusion-builder-column-0 fusion_builder_column_1_2 1_2 fusion-one-half fusion-column-first\" style=\"--awb-padding-top:15%;--awb-padding-right:15%;--awb-padding-bottom:15%;--awb-padding-left:15%;--awb-bg-color:#ececec;--awb-bg-color-hover:#ececec;--awb-bg-size:cover;\"><div class=\"fusion-column-wrapper fusion-flex-column-wrapper-legacy\"><div class=\"fusion-column-content-centered\"><div class=\"fusion-column-content\"><div class=\"fusion-text fusion-text-1\"><h1><span style=\"color: #000000\">Venir au CHU<\/span><\/h1>\n<h4>Acc\u00e8s en voiture<\/h4>\n<p>Quitter la ville de Li\u00e8ge en direction de Marche (par l&rsquo;autoroute des Ardennes, E25) et suivre le fl\u00e9chage \u00ab\u00a0Universit\u00e9 de Li\u00e8ge &#8211; CHU\u00a0\u00bb.<\/p>\n<p>Dans le domaine universitaire, suivre les fl\u00e8ches \u00ab\u00a0CHU\u00a0\u00bb.<\/p>\n<h4>Acc\u00e8s en bus<\/h4>\n<p>Via les lignes 48 et 58, arr\u00eat \u00ab\u00a0CHU\u00a0\u00bb (terminus du 48, arr\u00eat du 58)<\/p>\n<h4>Acc\u00e8s en train<\/h4>\n<p>Prendre le train vers Li\u00e8ge et stopper \u00e0 la Gare Li\u00e8ge-Guillemins.<\/p>\n<p>De la gare, prendre le bus (ligne 48), arr\u00eat \u00ab\u00a0CHU\u00a0\u00bb (terminus).<\/p>\n<\/div><\/div><\/div><div class=\"fusion-clearfix\"><\/div><\/div><\/div><div class=\"fusion-layout-column fusion_builder_column fusion-builder-column-1 fusion_builder_column_1_2 1_2 fusion-one-half fusion-column-last\" style=\"--awb-padding-top:100px;--awb-padding-right:100px;--awb-padding-bottom:100px;--awb-padding-left:100px;--awb-bg-image:url(&#039;http:\/\/events.chu.ulg.ac.be\/cimi2016\/wp-content\/uploads\/sites\/9\/2015\/05\/CHU-verri\u00e8re-interieur-300x300.jpg&#039;);--awb-bg-position:center center;--awb-bg-size:cover;\"><div class=\"fusion-column-wrapper fusion-flex-column-wrapper-legacy fusion-column-has-bg-image\" data-bg-url=\"http:\/\/events.chu.ulg.ac.be\/cimi2016\/wp-content\/uploads\/sites\/9\/2015\/05\/CHU-verri\u00e8re-interieur-300x300.jpg\"><div class=\"fusion-column-content-centered\"><div class=\"fusion-column-content\">\t\t\t\t\t<script type=\"text\/javascript\">\n\t\t\t\t\t\tvar map_fusion_map_69d1183c25d62;\n\t\t\t\t\t\tvar markers = [];\n\t\t\t\t\t\tvar counter = 0;\n\t\t\t\t\t\t\t\t\t\t\t\t\t\t\t\t\t\t\t\tvar fusionMapNonce = '809383bff8';\n\t\t\t\t\t\t\t\t\t\t\t\tfunction fusion_run_map_fusion_map_69d1183c25d62() {\n\t\t\t\t\t\t\tjQuery ('#fusion_map_69d1183c25d62' ).fusion_maps( {\n\t\t\t\t\t\t\t\taddresses: [{\"address\":\"CHU de Li\\u00e8ge\",\"infobox_content\":\"CHU de Li\\u00e8ge\",\"coordinates\":false,\"cache\":true,\"latitude\":\"50.5744825\",\"longitude\":\"5.5696973999999955\"}],\n\t\t\t\t\t\t\t\tanimations: true,\n\t\t\t\t\t\t\t\tinfobox_background_color: '',\n\t\t\t\t\t\t\t\tinfobox_styling: 'default',\n\t\t\t\t\t\t\t\tinfobox_text_color: '',\n\t\t\t\t\t\t\t\tmap_style: 'default',\n\t\t\t\t\t\t\t\tmap_type: 'roadmap',\n\t\t\t\t\t\t\t\tmarker_icon: '',\n\t\t\t\t\t\t\t\toverlay_color: '',\n\t\t\t\t\t\t\t\toverlay_color_hsl: {\"hue\":0,\"sat\":0,\"lum\":100},\n\t\t\t\t\t\t\t\tshow_address: true,\n\t\t\t\t\t\t\t\tscale_control: true,\n\t\t\t\t\t\t\t\tscrollwheel: true,\n\t\t\t\t\t\t\t\tzoom: 14,\n\t\t\t\t\t\t\t\tzoom_control: true,\n\t\t\t\t\t\t\t} );\n\t\t\t\t\t\t}\n\n\t\t\t\t\t\tgoogle.maps.event.addDomListener(window, 'load', fusion_run_map_fusion_map_69d1183c25d62);\n\t\t\t\t\t<\/script>\n\t\t\t\t\t<div class=\"shortcode-map fusion-google-map fusion-maps-js-type\" style=\"--awb-height:400px;\" id=\"fusion_map_69d1183c25d62\"><\/div><\/div><\/div><div class=\"fusion-clearfix\"><\/div><\/div><\/div><\/div><\/div><div class=\"fusion-fullwidth fullwidth-box fusion-builder-row-2 nonhundred-percent-fullwidth non-hundred-percent-height-scrolling\" style=\"--awb-background-position:left top;--awb-border-radius-top-left:0px;--awb-border-radius-top-right:0px;--awb-border-radius-bottom-right:0px;--awb-border-radius-bottom-left:0px;--awb-padding-top:90px;--awb-padding-right:15%;--awb-padding-bottom:90px;--awb-padding-left:15%;--awb-border-sizes-top:0px;--awb-border-sizes-bottom:0px;--awb-flex-wrap:wrap;\" ><div class=\"fusion-builder-row fusion-row\"><div class=\"fusion-layout-column fusion_builder_column fusion-builder-column-2 fusion_builder_column_1_1 1_1 fusion-one-full fusion-column-first fusion-column-last fusion-column-no-min-height\" style=\"--awb-bg-size:cover;\"><div class=\"fusion-column-wrapper fusion-flex-column-wrapper-legacy\"><div class=\"fusion-text fusion-text-2\"><h2 style=\"text-align: center\"><strong>Un h\u00f4pital universitaire, public et pluraliste<\/strong><\/h2>\n<p>Le CHU de Li\u00e8ge est un h\u00f4pital universitaire, public et pluraliste. Il est l\u2019un des sept h\u00f4pitaux acad\u00e9miques belges et le seul h\u00f4pital acad\u00e9mique de Wallonie.<\/p>\n<p>Avec ses 5000 employ\u00e9s, il est le principal employeur de la r\u00e9gion li\u00e9geoise. De nombreuses cat\u00e9gories professionnelles articulent leurs comp\u00e9tences afin d\u2019assurer au patient une prise en charge de qualit\u00e9.<\/p>\n<p>Depuis son inauguration en 1987, le CHU de Li\u00e8ge conna\u00eet un succ\u00e8s grandissant. Chaque jour, l\u2019h\u00f4pital accueille en consultation pr\u00e8s de 3 000 personnes, 200 patients <em>sont<\/em> admis aux urgences, autant \u00e0 l\u2019h\u00f4pital de jour et 150 autres en hospitalisation classique. Plus de 900 m\u00e9decins, r\u00e9partis en une cinquantaine de services, dispensent des soins sp\u00e9cialis\u00e9s dans toutes les disciplines m\u00e9dicales.<\/p>\n<h3><strong>Trois missions pour un triangle vertueux<\/strong><\/h3>\n<p>A c\u00f4t\u00e9 de l\u2019activit\u00e9 clinique, l\u2019enseignement et la recherche constituent deux vecteurs importants dans l\u2019\u00e9laboration et dans la diffusion des progr\u00e8s de la m\u00e9decine. En 2013, les collaborateurs du CHU de Li\u00e8ge ont publi\u00e9 plus de 600 articles scientifiques dans diverses revues, contribuant ainsi \u00e0 des avanc\u00e9es diagnostiques ou th\u00e9rapeutiques au b\u00e9n\u00e9fice direct des patients. Les activit\u00e9s de recherche ainsi men\u00e9es inscrivent l\u2019h\u00f4pital dans un r\u00e9seau d\u2019experts et de scientifiques de renomm\u00e9 internationale<\/p>\n<h3><strong>La compl\u00e9mentarit\u00e9 plut\u00f4t que la dispersion<\/strong><\/h3>\n<p>Le CHU de Li\u00e8ge d\u00e9ploye ses activit\u00e9s sur plusieurs sites d\u2019hospitalisation et de polyclinique. Ainsi, il dispose de 895 lits agr\u00e9\u00e9s et offre de nombreuses consultations dans toutes les disciplines m\u00e9dicales tant \u00e0 Li\u00e8ge qu\u2019en p\u00e9riph\u00e9rie li\u00e9geoise. Deux sites disposent d\u2019un service d\u2019urgences sp\u00e9cialis\u00e9 (SUS) ainsi\u00a0 que d\u2019un h\u00f4pital de jour. Certains services universitaires sont en outre implant\u00e9s dans d\u2019autres \u00e9tablissements hospitaliers de la r\u00e9gion. Les diff\u00e9rentes disciplines m\u00e9dicales sont ainsi repr\u00e9sent\u00e9es et tous les types d\u2019interventions chirurgicales sont pratiqu\u00e9s dans pas moins de 28 salles d\u2019op\u00e9ration.<\/p>\n<p>La capacit\u00e9 du CHU de Li\u00e8ge est de 895 lits agr\u00e9\u00e9s, r\u00e9partis sur <a href=\"http:\/\/www.chu.ulg.ac.be\/jcms\/c_1834556\/plans-et-acces\" target=\"_blank\">trois sites d\u2019hospitalisation sp\u00e9cialis\u00e9s<\/a> et compl\u00e9mentaires : <a href=\"http:\/\/www.chu.ulg.ac.be\/jcms\/c_1832880\/site-du-sart-tilman\">Sart Tilman<\/a>, <a href=\"http:\/\/www.chu.ulg.ac.be\/jcms\/c_1826760\/site-n-d-des-bruyeres\">N.-D. des Bruy\u00e8res<\/a> (Ch\u00ean\u00e9e) et <a href=\"http:\/\/www.chu.ulg.ac.be\/jcms\/c_1822673\/site-ourthe-ambleve\">Ourthe-Ambl\u00e8ve<\/a> (Esneux). Des consultations sont organis\u00e9es sur ces trois sites hospitaliers, ainsi qu\u2019au centre ville (les polycliniques <a href=\"http:\/\/www.chu.ulg.ac.be\/jcms\/c_1832835\/polyclinique-lucien-brull\">Brull<\/a> et <a href=\"http:\/\/www.chu.ulg.ac.be\/jcms\/c_1832869\/polyclinique-sauveniere\">Sauveni\u00e8re<\/a>), \u00e0 <a href=\"http:\/\/www.chu.ulg.ac.be\/jcms\/c_1826836\/polyclinique-d-aywaille\">Aywaille<\/a> et \u00e0 <a href=\"http:\/\/www.chu.ulg.ac.be\/jcms\/c_2376374\/site-de-chaudfontaine\">Chaudfontaine<\/a>.<\/p>\n<\/div><div class=\"fusion-clearfix\"><\/div><\/div><\/div><\/div><\/div><\/p>\n","protected":false},"excerpt":{"rendered":"","protected":false},"author":6,"featured_media":0,"parent":0,"menu_order":0,"comment_status":"closed","ping_status":"open","template":"100-width.php","meta":{"footnotes":""},"class_list":["post-16","page","type-page","status-publish","hentry"],"_links":{"self":[{"href":"https:\/\/events.chuliege.be\/sympo2016\/wp-json\/wp\/v2\/pages\/16","targetHints":{"allow":["GET"]}}],"collection":[{"href":"https:\/\/events.chuliege.be\/sympo2016\/wp-json\/wp\/v2\/pages"}],"about":[{"href":"https:\/\/events.chuliege.be\/sympo2016\/wp-json\/wp\/v2\/types\/page"}],"author":[{"embeddable":true,"href":"https:\/\/events.chuliege.be\/sympo2016\/wp-json\/wp\/v2\/users\/6"}],"replies":[{"embeddable":true,"href":"https:\/\/events.chuliege.be\/sympo2016\/wp-json\/wp\/v2\/comments?post=16"}],"version-history":[{"count":11,"href":"https:\/\/events.chuliege.be\/sympo2016\/wp-json\/wp\/v2\/pages\/16\/revisions"}],"predecessor-version":[{"id":1576,"href":"https:\/\/events.chuliege.be\/sympo2016\/wp-json\/wp\/v2\/pages\/16\/revisions\/1576"}],"wp:attachment":[{"href":"https:\/\/events.chuliege.be\/sympo2016\/wp-json\/wp\/v2\/media?parent=16"}],"curies":[{"name":"wp","href":"https:\/\/api.w.org\/{rel}","templated":true}]}}