{"id":10,"date":"2015-05-27T18:46:09","date_gmt":"2015-05-27T18:46:09","guid":{"rendered":"http:\/\/theme-fusion.com\/avada\/church-xml\/?page_id=10"},"modified":"2016-10-27T08:23:55","modified_gmt":"2016-10-27T07:23:55","slug":"comite","status":"publish","type":"page","link":"https:\/\/events.chuliege.be\/sympo2016\/comite\/","title":{"rendered":"Comit\u00e9 organisateur"},"content":{"rendered":"<p><div class=\"fusion-fullwidth fullwidth-box fusion-builder-row-1 hundred-percent-fullwidth non-hundred-percent-height-scrolling fusion-equal-height-columns\" style=\"--awb-background-position:left top;--awb-border-radius-top-left:0px;--awb-border-radius-top-right:0px;--awb-border-radius-bottom-right:0px;--awb-border-radius-bottom-left:0px;--awb-padding-top:0px;--awb-padding-right:0px;--awb-padding-bottom:0px;--awb-padding-left:0px;--awb-border-sizes-top:0px;--awb-border-sizes-bottom:0px;--awb-flex-wrap:wrap;\" ><div class=\"fusion-builder-row fusion-row\"><div class=\"fusion-layout-column fusion_builder_column fusion-builder-column-0 fusion_builder_column_1_1 1_1 fusion-one-full fusion-column-first fusion-column-last fusion-column-no-min-height\" style=\"--awb-bg-size:cover;\"><div class=\"fusion-column-wrapper fusion-flex-column-wrapper-legacy\"><div class=\"fusion-sep-clear\"><\/div><div class=\"fusion-separator fusion-full-width-sep\" style=\"margin-left: auto;margin-right: auto;margin-top:25px;width:100%;\"><\/div><div class=\"fusion-sep-clear\"><\/div><div class=\"fusion-clearfix\"><\/div><\/div><\/div><div class=\"fusion-layout-column fusion_builder_column fusion-builder-column-1 fusion_builder_column_1_5 1_5 fusion-one-fifth fusion-column-first\" style=\"--awb-bg-size:cover;width:16.8%; margin-right: 4%;\"><div class=\"fusion-column-wrapper fusion-flex-column-wrapper-legacy\"><div class=\"fusion-column-content-centered\"><div class=\"fusion-column-content\"><div class=\"fusion-text fusion-text-1\"><\/div><\/div><\/div><div class=\"fusion-clearfix\"><\/div><\/div><\/div><div class=\"fusion-layout-column fusion_builder_column fusion-builder-column-2 fusion_builder_column_3_5 3_5 fusion-three-fifth\" style=\"--awb-bg-size:cover;width:58.4%; margin-right: 4%;\"><div class=\"fusion-column-wrapper fusion-flex-column-wrapper-legacy\"><div class=\"fusion-column-content-centered\"><div class=\"fusion-column-content\"><div class=\"fusion-text fusion-text-2\"><h2 style=\"text-align: center\">Comit\u00e9 organisateur<\/h2>\n<h4 style=\"padding-left: 30px;text-align: center\">\u00c9ric MACLOT, Directeur du D\u00e9partement Infirmier.<\/h4>\n<h4 style=\"padding-left: 30px;text-align: center\">Virginie Ba\u00ff, Infirmi\u00e8re Chef de Services<\/p>\n<p>Henri Gilis, Infirmier Chef de Services<\/h4>\n<h4 style=\"padding-left: 30px;text-align: center\"><span style=\"color: #999999\">Les infirmiers chefs d&rsquo;unit\u00e9.<\/span><\/h4>\n<h4 style=\"padding-left: 30px;text-align: center\">Marie-H\u00e9l\u00e8ne BEAUPAIN \u2013 Pneumologie &#8211; Cardiologie<\/p>\n<p>Laurence FASSOTTE \u2013 Cardiologie Site NDB<\/p>\n<p>Danielle FRANKENNE \u2013 Chirurgie Cardiaque<\/p>\n<p>Dimitri JACQUEMIN \u2013 Cardiologie<\/p>\n<p>Carine THIRION \u2013 Infectiologie<\/p>\n<p>Nelly TSHIUNZA \u2013 Cardiologie<\/p>\n<p>Caroline VANBOVEN \u2013 Chirurgie Cardiaque<\/h4>\n<\/div><\/div><\/div><div class=\"fusion-clearfix\"><\/div><\/div><\/div><\/div><\/div><div class=\"fusion-fullwidth fullwidth-box fusion-builder-row-2 nonhundred-percent-fullwidth non-hundred-percent-height-scrolling\" style=\"--awb-background-position:left top;--awb-border-radius-top-left:0px;--awb-border-radius-top-right:0px;--awb-border-radius-bottom-right:0px;--awb-border-radius-bottom-left:0px;--awb-padding-top:90px;--awb-padding-right:15%;--awb-padding-bottom:90px;--awb-padding-left:15%;--awb-background-color:#ececec;--awb-border-sizes-top:0px;--awb-border-sizes-bottom:0px;--awb-flex-wrap:wrap;\" ><div class=\"fusion-builder-row fusion-row\"><div class=\"fusion-layout-column fusion_builder_column fusion-builder-column-3 fusion_builder_column_1_1 1_1 fusion-one-full fusion-column-first fusion-column-last fusion-column-no-min-height\" style=\"--awb-bg-size:cover;\"><div class=\"fusion-column-wrapper fusion-flex-column-wrapper-legacy\"><div class=\"fusion-text fusion-text-3\"><h2 style=\"text-align: center\">Le D\u00e9partement infirmier du CHU de Li\u00e8ge<\/h2>\n<h3 style=\"text-align: center\">Le <a href=\"http:\/\/www.chu.ulg.ac.be\/jcms\/c_528269\/departement-infirmier\" target=\"_blank\">D\u00e9partement Infirmier<\/a> s&rsquo;inscrit dans les missions d&rsquo;un h\u00f4pital universitaire et dans\u00a0la strat\u00e9gie institutionnelle du CHU de Li\u00e8ge.<\/h3>\n<h4 style=\"text-align: center\">Sa recherche d&rsquo;excellence, tant dans sa mission de soins que dans sa mission de gestion du personnel, se fonde sur une approche humaniste et pluraliste bas\u00e9e sur le respect de l&rsquo;autre pris dans sa globalit\u00e9 et dans ses diff\u00e9rences.<\/h4>\n<\/div><div class=\"fusion-clearfix\"><\/div><\/div><\/div><\/div><\/div><div class=\"fusion-fullwidth fullwidth-box fusion-builder-row-3 hundred-percent-fullwidth non-hundred-percent-height-scrolling fusion-equal-height-columns\" style=\"--awb-border-radius-top-left:0px;--awb-border-radius-top-right:0px;--awb-border-radius-bottom-right:0px;--awb-border-radius-bottom-left:0px;--awb-padding-top:0px;--awb-padding-right:0px;--awb-padding-bottom:0px;--awb-padding-left:0px;--awb-background-color:#3e7ccc;--awb-border-sizes-top:0px;--awb-border-sizes-bottom:0px;--awb-flex-wrap:wrap;\" ><div class=\"fusion-builder-row fusion-row\"><div class=\"fusion-layout-column fusion_builder_column fusion-builder-column-4 fusion_builder_column_1_5 1_5 fusion-one-fifth fusion-column-first\" style=\"--awb-bg-color:rgba(92,100,109,.75);--awb-bg-color-hover:rgba(92,100,109,.75);--awb-bg-size:cover;\"><div class=\"fusion-column-wrapper fusion-flex-column-wrapper-legacy\"><div class=\"fusion-column-content-centered\"><div class=\"fusion-column-content\"><div class=\"fusion-text fusion-text-4\"><\/div><\/div><\/div><div class=\"fusion-clearfix\"><\/div><\/div><\/div><div class=\"fusion-layout-column fusion_builder_column fusion-builder-column-5 fusion_builder_column_3_5 3_5 fusion-three-fifth\" style=\"--awb-bg-color:rgba(92,100,109,.75);--awb-bg-color-hover:rgba(92,100,109,.75);--awb-bg-size:cover;\"><div class=\"fusion-column-wrapper fusion-flex-column-wrapper-legacy\"><div class=\"fusion-column-content-centered\"><div class=\"fusion-column-content\"><div class=\"fusion-text fusion-text-5\"><h3 style=\"text-align: center\"><span style=\"color: #ffffff\">La raison d&rsquo;\u00eatre d&rsquo;une organisation est\u00a0de permettre \u00e0 des gens ordinaires de faire des choses extraordinaires<\/span><\/h3>\n<p style=\"text-align: right\"><span style=\"color: #ffffff\"><em>Peter DRUCKER<\/em><\/span><\/p>\n<\/div><\/div><\/div><div class=\"fusion-clearfix\"><\/div><\/div><\/div><div class=\"fusion-layout-column fusion_builder_column fusion-builder-column-6 fusion_builder_column_1_5 1_5 fusion-one-fifth fusion-column-last\" style=\"--awb-bg-color:rgba(92,100,109,.75);--awb-bg-color-hover:rgba(92,100,109,.75);--awb-bg-size:cover;\"><div class=\"fusion-column-wrapper fusion-flex-column-wrapper-legacy\"><div class=\"fusion-column-content-centered\"><div class=\"fusion-column-content\"><div class=\"fusion-text fusion-text-6\"><\/div><\/div><\/div><div class=\"fusion-clearfix\"><\/div><\/div><\/div><\/div><\/div><\/p>\n","protected":false},"excerpt":{"rendered":"","protected":false},"author":6,"featured_media":0,"parent":0,"menu_order":0,"comment_status":"closed","ping_status":"open","template":"100-width.php","meta":{"footnotes":""},"class_list":["post-10","page","type-page","status-publish","hentry"],"_links":{"self":[{"href":"https:\/\/events.chuliege.be\/sympo2016\/wp-json\/wp\/v2\/pages\/10","targetHints":{"allow":["GET"]}}],"collection":[{"href":"https:\/\/events.chuliege.be\/sympo2016\/wp-json\/wp\/v2\/pages"}],"about":[{"href":"https:\/\/events.chuliege.be\/sympo2016\/wp-json\/wp\/v2\/types\/page"}],"author":[{"embeddable":true,"href":"https:\/\/events.chuliege.be\/sympo2016\/wp-json\/wp\/v2\/users\/6"}],"replies":[{"embeddable":true,"href":"https:\/\/events.chuliege.be\/sympo2016\/wp-json\/wp\/v2\/comments?post=10"}],"version-history":[{"count":32,"href":"https:\/\/events.chuliege.be\/sympo2016\/wp-json\/wp\/v2\/pages\/10\/revisions"}],"predecessor-version":[{"id":1577,"href":"https:\/\/events.chuliege.be\/sympo2016\/wp-json\/wp\/v2\/pages\/10\/revisions\/1577"}],"wp:attachment":[{"href":"https:\/\/events.chuliege.be\/sympo2016\/wp-json\/wp\/v2\/media?parent=10"}],"curies":[{"name":"wp","href":"https:\/\/api.w.org\/{rel}","templated":true}]}}