{"id":1204,"date":"2015-09-25T15:14:31","date_gmt":"2015-09-25T13:14:31","guid":{"rendered":"http:\/\/events.chu.ulg.ac.be\/sports2-2017\/?page_id=1204"},"modified":"2017-11-20T10:53:25","modified_gmt":"2017-11-20T09:53:25","slug":"sports2","status":"publish","type":"page","link":"https:\/\/events.chuliege.be\/sports2-2017\/sports2\/","title":{"rendered":"SportS2"},"content":{"rendered":"<p><div class=\"fusion-fullwidth fullwidth-box fusion-builder-row-1 nonhundred-percent-fullwidth non-hundred-percent-height-scrolling\" style=\"--awb-background-position:left top;--awb-border-radius-top-left:0px;--awb-border-radius-top-right:0px;--awb-border-radius-bottom-right:0px;--awb-border-radius-bottom-left:0px;--awb-padding-top:5%;--awb-padding-right:5%;--awb-padding-bottom:5%;--awb-padding-left:5%;--awb-border-sizes-top:0px;--awb-border-sizes-bottom:0px;--awb-flex-wrap:wrap;\" ><div class=\"fusion-builder-row fusion-row\"><div class=\"fusion-layout-column fusion_builder_column fusion-builder-column-0 fusion_builder_column_1_1 1_1 fusion-one-full fusion-column-first fusion-column-last fusion-column-no-min-height\" style=\"--awb-bg-size:cover;\"><div class=\"fusion-column-wrapper fusion-flex-column-wrapper-legacy\"><div class=\"fusion-text fusion-text-1\"><h2 style=\"text-align: center\"><span style=\"color: #e63d58\">A propos de SportS\u00b2<\/span><\/h2>\n<\/div><div class=\"fusion-sep-clear\"><\/div><div class=\"fusion-separator fusion-has-icon fusion-full-width-sep\" style=\"margin-left: auto;margin-right: auto;margin-top:10px;margin-bottom:7%;width:100%;\"><div class=\"fusion-separator-border sep-single sep-solid\" style=\"--awb-height:20px;--awb-amount:20px;--awb-sep-color:#7f7575;border-color:#7f7575;border-top-width:2px;\"><\/div><span class=\"icon-wrapper\" style=\"border-color:#7f7575;background-color:rgba(255,255,255,0);font-size:15px;width: 1.75em; height: 1.75em;border-width:2px;padding:2px;margin-top:-1px\"><i class=\" fa fa-spinner\" style=\"font-size: inherit;color:#7f7575;\" aria-hidden=\"true\"><\/i><\/span><div class=\"fusion-separator-border sep-single sep-solid\" style=\"--awb-height:20px;--awb-amount:20px;--awb-sep-color:#7f7575;border-color:#7f7575;border-top-width:2px;\"><\/div><\/div><div class=\"fusion-sep-clear\"><\/div><div class=\"fusion-clearfix\"><\/div><\/div><\/div><div class=\"fusion-layout-column fusion_builder_column fusion-builder-column-1 fusion_builder_column_1_2 1_2 fusion-one-half fusion-column-first\" style=\"--awb-bg-size:cover;width:50%;width:calc(50% - ( ( 4% ) * 0.5 ) );margin-right: 4%;\"><div class=\"fusion-column-wrapper fusion-flex-column-wrapper-legacy\"><div class=\"fusion-video fusion-youtube\" style=\"--awb-max-width:600px;--awb-max-height:360px;\"><div class=\"video-shortcode\"><div class=\"fluid-width-video-wrapper\" style=\"padding-top:60%;\" ><iframe title=\"YouTube video player 1\" src=\"https:\/\/www.youtube.com\/embed\/wJHE1xZ3z5s?wmode=transparent&autoplay=0\" width=\"600\" height=\"360\" allowfullscreen allow=\"autoplay; clipboard-write; encrypted-media; gyroscope; picture-in-picture;\"><\/iframe><\/div><\/div><\/div><div class=\"fusion-clearfix\"><\/div><\/div><\/div><div class=\"fusion-layout-column fusion_builder_column fusion-builder-column-2 fusion_builder_column_1_2 1_2 fusion-one-half fusion-column-last\" style=\"--awb-bg-size:cover;width:50%;width:calc(50% - ( ( 4% ) * 0.5 ) );\"><div class=\"fusion-column-wrapper fusion-flex-column-wrapper-legacy\"><div class=\"fusion-text fusion-text-2\"><h4 style=\"text-align: justify\"><strong><\/p>\n<p><span style=\"color: #e63d58\">SPORTS<\/span><sup><span style=\"color: #e63d58\">2<\/span>,\u00a0<\/sup>l\u2019acronyme de <span style=\"color: #e63d58\">S<\/span>ervice <span style=\"color: #e63d58\">P<\/span>luridisciplinaire &#8211; <span style=\"color: #e63d58\">O<\/span>rthop\u00e9die &#8211; <span style=\"color: #e63d58\">R<\/span>\u00e9\u00e9ducation &#8211; <span style=\"color: #e63d58\">T<\/span>raumatologie &#8211; <span style=\"color: #e63d58\">S<\/span>ant\u00e9 du <span style=\"color: #e63d58\">S<\/span>portif, regroupe\u00a0<\/strong>les m\u00e9decins et param\u00e9dicaux sp\u00e9cialis\u00e9s dans le sport et ses pathologies mais \u00e9galement dans la pr\u00e9vention des blessures, la r\u00e9athl\u00e9tisation et l\u2019optimalisation des performances sportives.<\/h4>\n<\/div><div class=\"fusion-clearfix\"><\/div><\/div><\/div><div class=\"fusion-layout-column fusion_builder_column fusion-builder-column-3 fusion_builder_column_1_1 1_1 fusion-one-full fusion-column-first fusion-column-last\" style=\"--awb-bg-size:cover;--awb-margin-top:5%;\"><div class=\"fusion-column-wrapper fusion-flex-column-wrapper-legacy\"><div class=\"fusion-sep-clear\"><\/div><div class=\"fusion-separator fusion-full-width-sep\" style=\"margin-left: auto;margin-right: auto;margin-top:5%;width:100%;\"><\/div><div class=\"fusion-sep-clear\"><\/div><div class=\"fusion-text fusion-text-3\"><p class=\"Corps\" style=\"text-align: justify\">SPORTS<sup>2<\/sup>\u00a0a \u00e9t\u00e9 \u00e9labor\u00e9 afin d\u2019optimaliser la prise en charge et le suivi de sportifs amateurs ou de haut-niveau. Les diff\u00e9rents intervenants ont notamment d\u00e9velopp\u00e9 diverses collaboration avec le Standard de Li\u00e8ge, le centre de Formation de la Ligue Belge Francophone de Rugby et de la Ligue Belge Francophone de Handball ainsi que de nombreux athl\u00e8tes sous contrat ADEPS\u2026 SPORTS<sup>2<\/sup>\u00a0est \u00e0 la pointe des explorations fonctionnelles dans le domaine du sport (tests isocin\u00e9tiques, tests d\u2019efforts et explorations physiologiques, mesure de pression intra-musculaire, analyse biom\u00e9canique\u2026). Les traitements les plus r\u00e9cents tels que les ondes de choc et les infiltrations de plasma-riche en plaquettes (PRP) y sont d\u00e9velopp\u00e9, \u00e9tudi\u00e9s et bien entendu mis \u00e0 disposition des sportifs.<\/p>\n<p class=\"Corps\" style=\"text-align: justify\">Chaque ann\u00e9e, un colloque SPORTS<sup>2\u00a0<\/sup>est organis\u00e9, permettant d\u2019illustrer, aupr\u00e8s des professionnels de la sant\u00e9 (m\u00e9decins, kin\u00e9sith\u00e9rapeutes\u2026) mais \u00e9galement des \u00e9tudiants et du grand public, les principes scientifiques et cliniques d\u00e9velopp\u00e9s et appliqu\u00e9s aux sportifs. En effet, en plus de leur activit\u00e9 clinique et de terrain, nos th\u00e9rapeutes participent \u00e0 des travaux de recherche afin d\u2019am\u00e9liorer sans cesse la prise en charge des sportifs de tout niveau.<\/p>\n<blockquote>\n<p class=\"Corps\">Depuis 2016, les comp\u00e9tences d\u00e9velopp\u00e9es au sein de SPORTS2 sont reconnues au niveau international en devenant\u00a0<strong><a href=\"http:\/\/www.fifa.com\/development\/news\/y=2016\/m=10\/news=fifa-awards-medical-centre-of-excellence-status-to-liege-institutions--2845020.html\" target=\"_blank\" rel=\"noopener\">FIFA Medical Centre of Excellence<\/a><\/strong><\/p>\n<\/blockquote>\n<\/div><div class=\"fusion-image-element fusion-image-align-center in-legacy-container\" style=\"text-align:center;--awb-caption-title-font-family:var(--h2_typography-font-family);--awb-caption-title-font-weight:var(--h2_typography-font-weight);--awb-caption-title-font-style:var(--h2_typography-font-style);--awb-caption-title-size:var(--h2_typography-font-size);--awb-caption-title-transform:var(--h2_typography-text-transform);--awb-caption-title-line-height:var(--h2_typography-line-height);--awb-caption-title-letter-spacing:var(--h2_typography-letter-spacing);\"><div class=\"imageframe-align-center\"><span class=\" fusion-imageframe imageframe-dropshadow imageframe-1 hover-type-none\" style=\"-webkit-box-shadow: 3px 3px 7px rgba(0,0,0,0.3);box-shadow: 3px 3px 7px rgba(0,0,0,0.3);\"><img decoding=\"async\" width=\"720\" height=\"100\" alt=\"banniere web FIFA\" title=\"remise_label_fifa-banniere_web\" src=\"http:\/\/events.chu.ulg.ac.be\/sports2-2017\/wp-content\/uploads\/sites\/13\/2015\/09\/remise_label_fifa-banniere_web.jpg\" class=\"img-responsive wp-image-1736\" srcset=\"https:\/\/events.chuliege.be\/sports2-2017\/wp-content\/uploads\/sites\/13\/2015\/09\/remise_label_fifa-banniere_web-200x28.jpg 200w, https:\/\/events.chuliege.be\/sports2-2017\/wp-content\/uploads\/sites\/13\/2015\/09\/remise_label_fifa-banniere_web-400x56.jpg 400w, https:\/\/events.chuliege.be\/sports2-2017\/wp-content\/uploads\/sites\/13\/2015\/09\/remise_label_fifa-banniere_web-600x83.jpg 600w, https:\/\/events.chuliege.be\/sports2-2017\/wp-content\/uploads\/sites\/13\/2015\/09\/remise_label_fifa-banniere_web.jpg 720w\" sizes=\"(max-width: 1080px) 100vw, 720px\" \/><\/span><\/div><\/div><div class=\"fusion-clearfix\"><\/div><\/div><\/div><\/div><\/div><div class=\"fusion-fullwidth fullwidth-box fusion-builder-row-2 fusion-parallax-none nonhundred-percent-fullwidth non-hundred-percent-height-scrolling\" style=\"--awb-background-blend-mode:overlay;--awb-border-radius-top-left:0px;--awb-border-radius-top-right:0px;--awb-border-radius-bottom-right:0px;--awb-border-radius-bottom-left:0px;--awb-padding-top:130px;--awb-padding-right:15%;--awb-padding-bottom:160px;--awb-padding-left:15%;--awb-background-color:rgba(0,0,0,0.65);--awb-background-image:url(&quot;http:\/\/events.chu.ulg.ac.be\/sports2-2017\/wp-content\/uploads\/sites\/13\/2015\/09\/Site-web-SportS\u00b2-a-propos-sports\u00b2-2.jpg&quot;);--awb-background-size:cover;--awb-border-sizes-top:4px;--awb-border-sizes-bottom:4px;--awb-flex-wrap:wrap;\" ><div class=\"fusion-builder-row fusion-row\"><div class=\"fusion-layout-column fusion_builder_column fusion-builder-column-4 fusion_builder_column_1_1 1_1 fusion-one-full fusion-column-first fusion-column-last fusion-column-no-min-height\" style=\"--awb-bg-size:cover;\"><div class=\"fusion-column-wrapper fusion-flex-column-wrapper-legacy\"><div class=\"fusion-text fusion-text-4\"><h2 style=\"text-align: center\"><span style=\"color: #ffffff\">Site web : www.chuliege.be\/SPORTS2<\/span><\/h2>\n<\/div><div class=\"fusion-sep-clear\"><\/div><div class=\"fusion-separator fusion-full-width-sep\" style=\"margin-left: auto;margin-right: auto;margin-top:10px;margin-bottom:10px;width:100%;\"><\/div><div class=\"fusion-sep-clear\"><\/div><div class=\"fusion-button-wrapper fusion-aligncenter\"><a class=\"fusion-button button-flat button-xlarge button-custom fusion-button-default button-1 fusion-button-span-no button-action\" style=\"--button_accent_color:#ffffff;--button_accent_hover_color:#3e7ccc;--button_border_hover_color:#3e7ccc;--button_border_width-top:2px;--button_border_width-right:2px;--button_border_width-bottom:2px;--button_border_width-left:2px;--button_gradient_top_color:rgba(255,255,255,0);--button_gradient_bottom_color:rgba(255,255,255,0);--button_gradient_top_color_hover:#ffffff;--button_gradient_bottom_color_hover:#ffffff;\" target=\"_blank\" rel=\"noopener noreferrer\" title=\"sports\u00b2\" aria-label=\"sports\u00b2\" href=\"http:\/\/www.chu.ulg.ac.be\/jcms\/c_6383097\/sports\"><span class=\"fusion-button-icon-divider button-icon-divider-left\"><i class=\" fa fa-spinner awb-button__icon awb-button__icon--default\" aria-hidden=\"true\"><\/i><\/span><span class=\"fusion-button-text awb-button__text awb-button__text--default fusion-button-text-left\">SportS\u00b2, au service des sportifs<\/span><\/a><\/div><div class=\"fusion-clearfix\"><\/div><\/div><\/div><\/div><\/div><\/p>\n","protected":false},"excerpt":{"rendered":"","protected":false},"author":6,"featured_media":0,"parent":0,"menu_order":0,"comment_status":"closed","ping_status":"closed","template":"100-width.php","meta":{"footnotes":""},"class_list":["post-1204","page","type-page","status-publish","hentry"],"_links":{"self":[{"href":"https:\/\/events.chuliege.be\/sports2-2017\/wp-json\/wp\/v2\/pages\/1204","targetHints":{"allow":["GET"]}}],"collection":[{"href":"https:\/\/events.chuliege.be\/sports2-2017\/wp-json\/wp\/v2\/pages"}],"about":[{"href":"https:\/\/events.chuliege.be\/sports2-2017\/wp-json\/wp\/v2\/types\/page"}],"author":[{"embeddable":true,"href":"https:\/\/events.chuliege.be\/sports2-2017\/wp-json\/wp\/v2\/users\/6"}],"replies":[{"embeddable":true,"href":"https:\/\/events.chuliege.be\/sports2-2017\/wp-json\/wp\/v2\/comments?post=1204"}],"version-history":[{"count":39,"href":"https:\/\/events.chuliege.be\/sports2-2017\/wp-json\/wp\/v2\/pages\/1204\/revisions"}],"predecessor-version":[{"id":1884,"href":"https:\/\/events.chuliege.be\/sports2-2017\/wp-json\/wp\/v2\/pages\/1204\/revisions\/1884"}],"wp:attachment":[{"href":"https:\/\/events.chuliege.be\/sports2-2017\/wp-json\/wp\/v2\/media?parent=1204"}],"curies":[{"name":"wp","href":"https:\/\/api.w.org\/{rel}","templated":true}]}}