{"id":12,"date":"2015-05-27T18:46:20","date_gmt":"2015-05-27T16:46:20","guid":{"rendered":"http:\/\/events.chu.ulg.ac.be\/sports2-2017\/?page_id=12"},"modified":"2017-07-03T12:29:46","modified_gmt":"2017-07-03T10:29:46","slug":"inscriptions","status":"publish","type":"page","link":"https:\/\/events.chuliege.be\/sports2-2017\/inscriptions\/","title":{"rendered":"Inscriptions"},"content":{"rendered":"<p><div class=\"fusion-fullwidth fullwidth-box fusion-builder-row-1 nonhundred-percent-fullwidth non-hundred-percent-height-scrolling\" style=\"--awb-background-position:left top;--awb-border-radius-top-left:0px;--awb-border-radius-top-right:0px;--awb-border-radius-bottom-right:0px;--awb-border-radius-bottom-left:0px;--awb-padding-top:20px;--awb-padding-right:5%;--awb-padding-bottom:20px;--awb-padding-left:5%;--awb-border-sizes-top:0px;--awb-border-sizes-bottom:0px;--awb-flex-wrap:wrap;\" ><div class=\"fusion-builder-row fusion-row\"><div class=\"fusion-layout-column fusion_builder_column fusion-builder-column-0 fusion_builder_column_1_1 1_1 fusion-one-full fusion-column-first fusion-column-last fusion-column-no-min-height\" style=\"--awb-padding-top:0px;--awb-padding-bottom:0px;--awb-bg-size:cover;\"><div class=\"fusion-column-wrapper fusion-flex-column-wrapper-legacy\"><div class=\"fusion-text fusion-text-1\"><blockquote>\n<h2 style=\"text-align: left\"><span style=\"color: #e63d58\">INSCRIPTION AU COLLOQUE<\/span><\/h2>\n<h4><em>Pr\u00e9-inscriptions jusqu&rsquo;au <strong>30 septembre inclus<\/strong>.<\/em><\/h4>\n<\/blockquote>\n<\/div><div class=\"fusion-clearfix\"><\/div><\/div><\/div><div class=\"fusion-layout-column fusion_builder_column fusion-builder-column-1 fusion_builder_column_1_2 1_2 fusion-one-half fusion-column-first\" style=\"--awb-padding-top:0px;--awb-padding-bottom:0px;--awb-bg-size:cover;width:50%;width:calc(50% - ( ( 4% ) * 0.5 ) );margin-right: 4%;\"><div class=\"fusion-column-wrapper fusion-flex-column-wrapper-legacy\"><ul style=\"--awb-size:13px;--awb-line-height:22.1px;--awb-icon-width:22.1px;--awb-icon-height:22.1px;--awb-icon-margin:9.1px;--awb-content-margin:31.2px;--awb-circlecolor:#1a80b6;--awb-circle-yes-font-size:11.44px;\" class=\"fusion-checklist fusion-checklist-1 fusion-checklist-default type-icons\"><li class=\"fusion-li-item\" style=\"\"><span class=\"icon-wrapper circle-yes\"><i class=\"fusion-li-icon fa fa-laptop\" aria-hidden=\"true\"><\/i><\/span><div class=\"fusion-li-item-content\">\n<h4 style=\"padding-left: 30px\">Personnel CHU et ULg, \u00e9tudiants ULg :<\/p>\n<p><strong>gratuit<\/strong><\/h4>\n<\/div><\/li><li class=\"fusion-li-item\" style=\"\"><span class=\"icon-wrapper circle-yes\"><i class=\"fusion-li-icon fa fa-laptop\" aria-hidden=\"true\"><\/i><\/span><div class=\"fusion-li-item-content\">\n<h4 style=\"padding-left: 30px\">Autres participants : 20 \u20ac<\/p>\n<p><strong>(15 \u20ac en pr\u00e9-inscriptions)<\/strong><\/h4>\n<\/div><\/li><li class=\"fusion-li-item\" style=\"\"><span class=\"icon-wrapper circle-yes\"><i class=\"fusion-li-icon fa fa-laptop\" aria-hidden=\"true\"><\/i><\/span><div class=\"fusion-li-item-content\">\n<h4 style=\"padding-left: 30px\">Autres \u00e9tudiants : 10 \u20ac<\/p>\n<p><strong>(5 \u20ac en pr\u00e9-inscriptions)<\/strong><\/h4>\n<\/div><\/li><\/ul><div class=\"fusion-button-wrapper fusion-align-block\"><a class=\"fusion-button button-flat button-medium button-custom fusion-button-default button-1 fusion-button-default-span fusion-button-default-type\" style=\"--button_accent_color:#ffffff;--button_accent_hover_color:#ffffff;--button_border_hover_color:#ffffff;--button_gradient_top_color:#e63d58;--button_gradient_bottom_color:#e63d58;--button_gradient_top_color_hover:#2d69b6;--button_gradient_bottom_color_hover:#2d69b6;\" target=\"_blank\" rel=\"noopener noreferrer\" title=\"inscriptions\" aria-label=\"inscriptions\" href=\"https:\/\/mychu.ulg.ac.be\/portail\/go_xt.do?a=o%7C11004%7Ce%7C284263\"><i class=\" fa fa-quote-left awb-button__icon awb-button__icon--default button-icon-left\" aria-hidden=\"true\"><\/i><span class=\"fusion-button-text awb-button__text awb-button__text--default\">Je m&rsquo;inscris<\/span><\/a><\/div><div class=\"fusion-text fusion-text-2\"><h3><strong>Accr\u00e9ditation m\u00e9decins et PQK<\/strong><\/h3>\n<\/div><div class=\"fusion-clearfix\"><\/div><\/div><\/div><div class=\"fusion-layout-column fusion_builder_column fusion-builder-column-2 fusion_builder_column_1_2 1_2 fusion-one-half fusion-column-last\" style=\"--awb-padding-top:0px;--awb-padding-bottom:0px;--awb-bg-size:cover;width:50%;width:calc(50% - ( ( 4% ) * 0.5 ) );\"><div class=\"fusion-column-wrapper fusion-flex-column-wrapper-legacy\"><div class=\"fusion-clearfix\"><\/div><\/div><\/div><\/div><\/div><div class=\"fusion-fullwidth fullwidth-box fusion-builder-row-2 nonhundred-percent-fullwidth non-hundred-percent-height-scrolling\" style=\"--awb-border-radius-top-left:0px;--awb-border-radius-top-right:0px;--awb-border-radius-bottom-right:0px;--awb-border-radius-bottom-left:0px;--awb-padding-top:5%;--awb-padding-right:5%;--awb-padding-bottom:5%;--awb-padding-left:5%;--awb-border-sizes-top:12px;--awb-border-sizes-bottom:12px;--awb-flex-wrap:wrap;\" ><div class=\"fusion-builder-row fusion-row\"><div class=\"fusion-layout-column fusion_builder_column fusion-builder-column-3 fusion_builder_column_1_1 1_1 fusion-one-full fusion-column-first fusion-column-last\" style=\"--awb-bg-size:cover;\"><div class=\"fusion-column-wrapper fusion-flex-column-wrapper-legacy\"><div class=\"fusion-text fusion-text-3\"><h2><span style=\"color: #e63d58\">MODE DE PAIEMENT<\/span><\/h2>\n<p style=\"text-align: justify\"><em>Pour les personnes hors personnel CHU, ULg et \u00e9tudiants ULg, nous vous rappelons que votre inscription ne sera confirm\u00e9e qu&rsquo;apr\u00e8s\u00a0<strong>r\u00e9ception du paiement<\/strong>\u00a0sur le compte bancaire :\u00a0<span style=\"color: #e63d58\"><strong>BE35 0910 0898 3037<\/strong>\u00a0<\/span>en reprenant obligatoirement en communication obligatoirement :\u00a0<strong>\u00ab <span style=\"color: #e63d58\">CF 4159 &#8211; Colloque &#8211; suivi de vos NOM et Pr\u00e9nom<\/span> \u00bb<\/strong>.\u00a0<\/em><\/p>\n<p><em>Pour toute question, vous pouvez nous contacter par mail sur\u00a0<a href=\"mailto:sports2@chu.ulg.ac.be\"><strong><span style=\"color: #e63d58\">sports2@chu.ulg.ac.be<\/span><\/strong>.<\/a><\/em><\/p>\n<\/div><div class=\"fusion-clearfix\"><\/div><\/div><\/div><\/div><\/div><\/p>\n","protected":false},"excerpt":{"rendered":"","protected":false},"author":6,"featured_media":0,"parent":0,"menu_order":0,"comment_status":"closed","ping_status":"closed","template":"100-width.php","meta":{"footnotes":""},"class_list":["post-12","page","type-page","status-publish","hentry"],"_links":{"self":[{"href":"https:\/\/events.chuliege.be\/sports2-2017\/wp-json\/wp\/v2\/pages\/12","targetHints":{"allow":["GET"]}}],"collection":[{"href":"https:\/\/events.chuliege.be\/sports2-2017\/wp-json\/wp\/v2\/pages"}],"about":[{"href":"https:\/\/events.chuliege.be\/sports2-2017\/wp-json\/wp\/v2\/types\/page"}],"author":[{"embeddable":true,"href":"https:\/\/events.chuliege.be\/sports2-2017\/wp-json\/wp\/v2\/users\/6"}],"replies":[{"embeddable":true,"href":"https:\/\/events.chuliege.be\/sports2-2017\/wp-json\/wp\/v2\/comments?post=12"}],"version-history":[{"count":27,"href":"https:\/\/events.chuliege.be\/sports2-2017\/wp-json\/wp\/v2\/pages\/12\/revisions"}],"predecessor-version":[{"id":1608,"href":"https:\/\/events.chuliege.be\/sports2-2017\/wp-json\/wp\/v2\/pages\/12\/revisions\/1608"}],"wp:attachment":[{"href":"https:\/\/events.chuliege.be\/sports2-2017\/wp-json\/wp\/v2\/media?parent=12"}],"curies":[{"name":"wp","href":"https:\/\/api.w.org\/{rel}","templated":true}]}}