{"id":11,"date":"2015-01-27T11:54:42","date_gmt":"2015-01-27T11:54:42","guid":{"rendered":"http:\/\/theme-fusion.com\/avada_demos_xml\/travel\/?page_id=11"},"modified":"2016-10-27T08:25:13","modified_gmt":"2016-10-27T07:25:13","slug":"make-a-reservation","status":"publish","type":"page","link":"https:\/\/events.chuliege.be\/fete-personnel-2016\/make-a-reservation\/","title":{"rendered":"Inscrivez-vous"},"content":{"rendered":"<p><div class=\"fusion-fullwidth fullwidth-box fusion-builder-row-1 nonhundred-percent-fullwidth non-hundred-percent-height-scrolling\" style=\"--awb-background-position:left top;--awb-border-radius-top-left:0px;--awb-border-radius-top-right:0px;--awb-border-radius-bottom-right:0px;--awb-border-radius-bottom-left:0px;--awb-padding-top:70px;--awb-padding-bottom:75px;--awb-border-sizes-top:0px;--awb-border-sizes-bottom:0px;--awb-flex-wrap:wrap;\" ><div class=\"fusion-builder-row fusion-row\"><div class=\"fusion-layout-column fusion_builder_column fusion-builder-column-0 fusion_builder_column_1_1 1_1 fusion-one-full fusion-column-first fusion-column-last\" style=\"--awb-bg-size:cover;\"><div class=\"fusion-column-wrapper fusion-flex-column-wrapper-legacy\"><div class=\"fusion-text fusion-text-1\"><h1 style=\"text-align: center\">Les inscriptions sont cl\u00f4tur\u00e9es!<\/h1>\n<p style=\"text-align: center\">Si vous avez des questions ou si vous rencontrez des difficult\u00e9s \u00e0 vous inscrire en\u00a0 ligne, n&rsquo;h\u00e9sitez pas \u00e0 nous contacter par email \u00e0 <a href=\"mailto:service.communication@chu.ulg.ac.be\">service.communication@chu.ulg.ac.be<\/a> ou par t\u00e9l\u00e9phone 04 366 84 60 &#8211; 04\/366 74 50<\/p>\n<\/div><div class=\"fusion-clearfix\"><\/div><\/div><\/div><div class=\"fusion-layout-column fusion_builder_column fusion-builder-column-1 fusion_builder_column_1_2 1_2 fusion-one-half fusion-column-first\" style=\"--awb-bg-size:cover;width:48%; margin-right: 4%;\"><div class=\"fusion-column-wrapper fusion-flex-column-wrapper-legacy\"><div class=\"fusion-text fusion-text-2\"><h3>FAQ de la f\u00eate du personnel<\/h3>\n<p>Vous avez une question ?<\/p>\n<p>La r\u00e9ponse est peut-\u00eatre d\u00e9j\u00e0 disponible ci-dessous.<\/p>\n<\/div><div class=\"fusion-sep-clear\"><\/div><div class=\"fusion-separator fusion-full-width-sep\" style=\"margin-left: auto;margin-right: auto;margin-bottom:20px;width:100%;\"><\/div><div class=\"fusion-sep-clear\"><\/div><div class=\"accordian fusion-accordian\" style=\"--awb-border-size:1px;--awb-icon-size:13px;--awb-content-font-size:15px;--awb-icon-alignment:left;--awb-hover-color:#f9f9f9;--awb-border-color:#cccccc;--awb-background-color:#ffffff;--awb-divider-color:#e0dede;--awb-divider-hover-color:#e0dede;--awb-icon-color:#ffffff;--awb-title-color:#333333;--awb-content-color:#747474;--awb-icon-box-color:#333333;--awb-toggle-hover-accent-color:#6666a4;--awb-title-font-family:&quot;Nixie One&quot;;--awb-title-font-weight:400;--awb-title-font-style:normal;--awb-title-font-size:18px;--awb-title-letter-spacing:0px;--awb-title-line-height:1.11;--awb-content-font-family:&quot;Open Sans&quot;;--awb-content-font-style:normal;--awb-content-font-weight:400;\"><div class=\"panel-group fusion-toggle-icon-boxed\" id=\"accordion-11-1\"><div class=\"fusion-panel panel-default panel-e6c234cf46c4ce4d4 fusion-toggle-has-divider\"><div class=\"panel-heading\"><h4 class=\"panel-title toggle\" id=\"toggle_e6c234cf46c4ce4d4\"><a aria-expanded=\"false\" aria-controls=\"e6c234cf46c4ce4d4\" role=\"button\" data-toggle=\"collapse\" data-parent=\"#accordion-11-1\" data-target=\"#e6c234cf46c4ce4d4\" href=\"#e6c234cf46c4ce4d4\"><span class=\"fusion-toggle-icon-wrapper\" aria-hidden=\"true\"><i class=\"fa-fusion-box active-icon awb-icon-minus\" aria-hidden=\"true\"><\/i><i class=\"fa-fusion-box inactive-icon awb-icon-plus\" aria-hidden=\"true\"><\/i><\/span><span class=\"fusion-toggle-heading\">Qui puis-je inviter \u00e0 la f\u00eate du personnel ?<\/span><\/a><\/h4><\/div><div id=\"e6c234cf46c4ce4d4\" class=\"panel-collapse collapse \" aria-labelledby=\"toggle_e6c234cf46c4ce4d4\"><div class=\"panel-body toggle-content fusion-clearfix\">\n<p>Vous pouvez inviter votre compagne\/compagnon et vos enfants.<\/p>\n<p><strong>SI votre compagne\/compagnon ne peut vous accompagner pour une raison quelconque, vous pouvez \u00e0 ce moment-l\u00e0 le remplacer par un membre de votre famille proche. <\/strong><\/p>\n<p>Il s&rsquo;agit avant tout d&rsquo;une journ\u00e9e pour le personnel du CHU. Nous autorisons donc deux adultes (dont un membre du CHU) et les enfants.<\/p>\n<\/div><\/div><\/div><div class=\"fusion-panel panel-default panel-9447b9a7f487b1589 fusion-toggle-has-divider\"><div class=\"panel-heading\"><h4 class=\"panel-title toggle\" id=\"toggle_9447b9a7f487b1589\"><a aria-expanded=\"false\" aria-controls=\"9447b9a7f487b1589\" role=\"button\" data-toggle=\"collapse\" data-parent=\"#accordion-11-1\" data-target=\"#9447b9a7f487b1589\" href=\"#9447b9a7f487b1589\"><span class=\"fusion-toggle-icon-wrapper\" aria-hidden=\"true\"><i class=\"fa-fusion-box active-icon awb-icon-minus\" aria-hidden=\"true\"><\/i><i class=\"fa-fusion-box inactive-icon awb-icon-plus\" aria-hidden=\"true\"><\/i><\/span><span class=\"fusion-toggle-heading\">O\u00f9 trouver un parking ?<\/span><\/a><\/h4><\/div><div id=\"9447b9a7f487b1589\" class=\"panel-collapse collapse \" aria-labelledby=\"toggle_9447b9a7f487b1589\"><div class=\"panel-body toggle-content fusion-clearfix\">Plopsa Coo dispose d&rsquo;un vaste parking, dont l&rsquo;acc\u00e8s est fl\u00e9ch\u00e9, et qui sera gratuit pour les participants \u00e0 la f\u00eate du personnel et au CHU Trophy.<\/div><\/div><\/div><div class=\"fusion-panel panel-default panel-553de7f7576de05de fusion-toggle-has-divider\"><div class=\"panel-heading\"><h4 class=\"panel-title toggle\" id=\"toggle_553de7f7576de05de\"><a aria-expanded=\"false\" aria-controls=\"553de7f7576de05de\" role=\"button\" data-toggle=\"collapse\" data-parent=\"#accordion-11-1\" data-target=\"#553de7f7576de05de\" href=\"#553de7f7576de05de\"><span class=\"fusion-toggle-icon-wrapper\" aria-hidden=\"true\"><i class=\"fa-fusion-box active-icon awb-icon-minus\" aria-hidden=\"true\"><\/i><i class=\"fa-fusion-box inactive-icon awb-icon-plus\" aria-hidden=\"true\"><\/i><\/span><span class=\"fusion-toggle-heading\">Je me suis inscrit ; que faire \u00e0 mon arriv\u00e9e \u00e0 Plopsa ?<\/span><\/a><\/h4><\/div><div id=\"553de7f7576de05de\" class=\"panel-collapse collapse \" aria-labelledby=\"toggle_553de7f7576de05de\"><div class=\"panel-body toggle-content fusion-clearfix\">\n<p>Pr\u00e9sentez-vous \u00e0 notre stand d&rsquo;accueil CHU o\u00f9 nos h\u00f4tesses vous remettront les bracelets vous permettant d&rsquo;acc\u00e9der au parc Plopsa.<\/p>\n<p>Les enfants de moins d\u20191 m\u00e8tre recevront quant \u00e0 eux, un cachet limitant leurs acc\u00e8s \u00e0 certaines attractions par mesures de s\u00e9curit\u00e9.<\/p>\n<\/div><\/div><\/div><div class=\"fusion-panel panel-default panel-e0e7b16c480a7fddc fusion-toggle-has-divider\"><div class=\"panel-heading\"><h4 class=\"panel-title toggle\" id=\"toggle_e0e7b16c480a7fddc\"><a aria-expanded=\"false\" aria-controls=\"e0e7b16c480a7fddc\" role=\"button\" data-toggle=\"collapse\" data-parent=\"#accordion-11-1\" data-target=\"#e0e7b16c480a7fddc\" href=\"#e0e7b16c480a7fddc\"><span class=\"fusion-toggle-icon-wrapper\" aria-hidden=\"true\"><i class=\"fa-fusion-box active-icon awb-icon-minus\" aria-hidden=\"true\"><\/i><i class=\"fa-fusion-box inactive-icon awb-icon-plus\" aria-hidden=\"true\"><\/i><\/span><span class=\"fusion-toggle-heading\">\u00c0 quoi me donne droit mon inscription ?<\/span><\/a><\/h4><\/div><div id=\"e0e7b16c480a7fddc\" class=\"panel-collapse collapse \" aria-labelledby=\"toggle_e0e7b16c480a7fddc\"><div class=\"panel-body toggle-content fusion-clearfix\">\n<p>L\u2019inscription vous donne droit \u00e0 un acc\u00e8s gratuit au parking, \u00e0 l&rsquo;ensemble des attractions et spectacles du parc Plopsa, \u00e0 la visite en train du parc \u00e0 gibier Wildparc Coo, aux balades autour du lac en compagnie d\u2019un guide nature.<\/p>\n<p>Vous \u00eates \u00e9galement invit\u00e9 au barbecue g\u00e9ant, en formule open bar, qui cl\u00f4turera la journ\u00e9e.<\/p>\n<p>En revanche, les repas et boissons que vous consommeriez dans la journ\u00e9e dans les diff\u00e9rents restaurants du parc sont \u00e0 votre charge.<\/p>\n<\/div><\/div><\/div><div class=\"fusion-panel panel-default panel-aaf0c9b1af872de31 fusion-toggle-has-divider\"><div class=\"panel-heading\"><h4 class=\"panel-title toggle\" id=\"toggle_aaf0c9b1af872de31\"><a aria-expanded=\"false\" aria-controls=\"aaf0c9b1af872de31\" role=\"button\" data-toggle=\"collapse\" data-parent=\"#accordion-11-1\" data-target=\"#aaf0c9b1af872de31\" href=\"#aaf0c9b1af872de31\"><span class=\"fusion-toggle-icon-wrapper\" aria-hidden=\"true\"><i class=\"fa-fusion-box active-icon awb-icon-minus\" aria-hidden=\"true\"><\/i><i class=\"fa-fusion-box inactive-icon awb-icon-plus\" aria-hidden=\"true\"><\/i><\/span><span class=\"fusion-toggle-heading\">Comment venir \u00e0 Plopsa ?<\/span><\/a><\/h4><\/div><div id=\"aaf0c9b1af872de31\" class=\"panel-collapse collapse \" aria-labelledby=\"toggle_aaf0c9b1af872de31\"><div class=\"panel-body toggle-content fusion-clearfix\">\n<div class=\"second\">\n<div class=\"field field-name-field-body field-type-text-with-summary field-label-hidden\">\n<p><strong>Adresse du parc<\/strong><\/p>\n<p style=\"padding-left: 30px\">Plopsa Coo<\/p>\n<p>Coo 4<\/p>\n<p>4970 Stavelot<\/p>\n<p><strong>Itin\u00e9raire \u00e0 partir de Li\u00e8ge<\/strong>:<\/p>\n<p style=\"padding-left: 30px\">&#8211; A Li\u00e8ge, E42 direction Aix-la-Chapelle<\/p>\n<p>&#8211; A l\u2019\u00e9changeur de Battice, suivre la direction Verviers\/Spa\/St Vith<\/p>\n<p>&#8211; A Verviers, suivre Francorchamps\/Malm\u00e9dy<\/p>\n<p>&#8211; Prendre la sortie 10 (Francorchamps) et suivre Coo\/Plopsa Coo<\/p>\n<\/div>\n<\/div>\n<\/div><\/div><\/div><div class=\"fusion-panel panel-default panel-e51354c2be4983fe1 fusion-toggle-has-divider\"><div class=\"panel-heading\"><h4 class=\"panel-title toggle\" id=\"toggle_e51354c2be4983fe1\"><a aria-expanded=\"false\" aria-controls=\"e51354c2be4983fe1\" role=\"button\" data-toggle=\"collapse\" data-parent=\"#accordion-11-1\" data-target=\"#e51354c2be4983fe1\" href=\"#e51354c2be4983fe1\"><span class=\"fusion-toggle-icon-wrapper\" aria-hidden=\"true\"><i class=\"fa-fusion-box active-icon awb-icon-minus\" aria-hidden=\"true\"><\/i><i class=\"fa-fusion-box inactive-icon awb-icon-plus\" aria-hidden=\"true\"><\/i><\/span><span class=\"fusion-toggle-heading\">A quelle heure ouvre le parc ? <\/span><\/a><\/h4><\/div><div id=\"e51354c2be4983fe1\" class=\"panel-collapse collapse \" aria-labelledby=\"toggle_e51354c2be4983fe1\"><div class=\"panel-body toggle-content fusion-clearfix\">\n<p>Vous \u00eates invit\u00e9 \u00e0 vous rendre \u00e0 Plopsa Coo <strong>\u00e0 partir de 10h<\/strong> <em>(ouverture du parc)<\/em>.<\/p>\n<p>N&rsquo;oubliez pas de consulter les <a href=\"http:\/\/events.chu.ulg.ac.be\/fete-personnel-2016\/\">animations<\/a> pr\u00e9vues dans la journ\u00e9e <em>(plopsa danse, rencontre dinos, etc.)<\/em> pour ne rien louper !<\/p>\n<\/div><\/div><\/div><\/div><\/div><div class=\"fusion-clearfix\"><\/div><\/div><\/div><div class=\"fusion-layout-column fusion_builder_column fusion-builder-column-2 fusion_builder_column_1_2 1_2 fusion-one-half fusion-column-last\" style=\"--awb-bg-size:cover;width:48%;\"><div class=\"fusion-column-wrapper fusion-flex-column-wrapper-legacy\"><div class=\"fusion-text fusion-text-3\"><h3>FAQ du CHU Trophy<\/h3>\n<p>Vous avez une question ?<\/p>\n<p>La r\u00e9ponse est peut-\u00eatre d\u00e9j\u00e0 disponible ci-dessous.<\/p>\n<\/div><div class=\"fusion-sep-clear\"><\/div><div class=\"fusion-separator fusion-full-width-sep\" style=\"margin-left: auto;margin-right: auto;margin-bottom:20px;width:100%;\"><\/div><div class=\"fusion-sep-clear\"><\/div><div class=\"accordian fusion-accordian\" style=\"--awb-border-size:1px;--awb-icon-size:13px;--awb-content-font-size:15px;--awb-icon-alignment:left;--awb-hover-color:#f9f9f9;--awb-border-color:#cccccc;--awb-background-color:#ffffff;--awb-divider-color:#e0dede;--awb-divider-hover-color:#e0dede;--awb-icon-color:#ffffff;--awb-title-color:#333333;--awb-content-color:#747474;--awb-icon-box-color:#333333;--awb-toggle-hover-accent-color:#6666a4;--awb-title-font-family:&quot;Nixie One&quot;;--awb-title-font-weight:400;--awb-title-font-style:normal;--awb-title-font-size:18px;--awb-title-letter-spacing:0px;--awb-title-line-height:1.11;--awb-content-font-family:&quot;Open Sans&quot;;--awb-content-font-style:normal;--awb-content-font-weight:400;\"><div class=\"panel-group fusion-toggle-icon-boxed\" id=\"accordion-11-2\"><div class=\"fusion-panel panel-default panel-15adc8e68b4bede0b fusion-toggle-has-divider\"><div class=\"panel-heading\"><h4 class=\"panel-title toggle\" id=\"toggle_15adc8e68b4bede0b\"><a aria-expanded=\"false\" aria-controls=\"15adc8e68b4bede0b\" role=\"button\" data-toggle=\"collapse\" data-parent=\"#accordion-11-2\" data-target=\"#15adc8e68b4bede0b\" href=\"#15adc8e68b4bede0b\"><span class=\"fusion-toggle-icon-wrapper\" aria-hidden=\"true\"><i class=\"fa-fusion-box active-icon awb-icon-minus\" aria-hidden=\"true\"><\/i><i class=\"fa-fusion-box inactive-icon awb-icon-plus\" aria-hidden=\"true\"><\/i><\/span><span class=\"fusion-toggle-heading\">Je fais partie d\u2019une \u00e9quipe CHU Trophy et je souhaite venir avec ma famille: est-ce possible ?<\/span><\/a><\/h4><\/div><div id=\"15adc8e68b4bede0b\" class=\"panel-collapse collapse \" aria-labelledby=\"toggle_15adc8e68b4bede0b\"><div class=\"panel-body toggle-content fusion-clearfix\">\n<p>Oui, c&rsquo;est tout \u00e0 fait possible.<\/p>\n<p>Votre capitaine d&rsquo;\u00e9quipe doit, quand il compl\u00e8te le formulaire, indiquer \u00e0 la question \u00ab Mon \u00e9quipe sera accompagn\u00e9e de \u00bb, le nombre de personne, ne participant pas aux \u00e9preuves, mais qui participeront \u00e0 la f\u00eate du personnel (conjoint,compagne\/compagnon, enfants).<\/p>\n<p>Attention toutefois, rien n&rsquo;est organis\u00e9 pour les accompagnants des \u00e9quipes sur le parcours du CHU Trophy.<\/p>\n<\/div><\/div><\/div><div class=\"fusion-panel panel-default panel-e10a47ce529861463 fusion-toggle-has-divider\"><div class=\"panel-heading\"><h4 class=\"panel-title toggle\" id=\"toggle_e10a47ce529861463\"><a aria-expanded=\"false\" aria-controls=\"e10a47ce529861463\" role=\"button\" data-toggle=\"collapse\" data-parent=\"#accordion-11-2\" data-target=\"#e10a47ce529861463\" href=\"#e10a47ce529861463\"><span class=\"fusion-toggle-icon-wrapper\" aria-hidden=\"true\"><i class=\"fa-fusion-box active-icon awb-icon-minus\" aria-hidden=\"true\"><\/i><i class=\"fa-fusion-box inactive-icon awb-icon-plus\" aria-hidden=\"true\"><\/i><\/span><span class=\"fusion-toggle-heading\">\u00c0 quoi ai-je droit en tant que participant au CHU Trophy ?<\/span><\/a><\/h4><\/div><div id=\"e10a47ce529861463\" class=\"panel-collapse collapse \" aria-labelledby=\"toggle_e10a47ce529861463\"><div class=\"panel-body toggle-content fusion-clearfix\">\n<p>Chaque participant au CHU Trophy acc\u00e8de aux \u00e9preuves sportives r\u00e9serv\u00e9es au CHU Trophy et re\u00e7oit un \u00ab\u00a0accessoire\u00a0\u00bb officiel CHU Trophy (nous vous r\u00e9servons la surprise \ud83d\ude42 ).<\/p>\n<p>Il re\u00e7oit le bracelet lui donnant acc\u00e8s au parc Plopsa et \u00e0 toutes les animations propos\u00e9es dans le cadre de la f\u00eate du personnel.<\/p>\n<p>Chaque participant recevra \u00e9galement des jetons Plopsa, qu&rsquo;il pourra utiliser \u00e0 son gr\u00e9 dans la parc pour un lunch ou une boisson.<\/p>\n<\/div><\/div><\/div><div class=\"fusion-panel panel-default panel-48bfbe843b48f2927 fusion-toggle-has-divider\"><div class=\"panel-heading\"><h4 class=\"panel-title toggle\" id=\"toggle_48bfbe843b48f2927\"><a aria-expanded=\"false\" aria-controls=\"48bfbe843b48f2927\" role=\"button\" data-toggle=\"collapse\" data-parent=\"#accordion-11-2\" data-target=\"#48bfbe843b48f2927\" href=\"#48bfbe843b48f2927\"><span class=\"fusion-toggle-icon-wrapper\" aria-hidden=\"true\"><i class=\"fa-fusion-box active-icon awb-icon-minus\" aria-hidden=\"true\"><\/i><i class=\"fa-fusion-box inactive-icon awb-icon-plus\" aria-hidden=\"true\"><\/i><\/span><span class=\"fusion-toggle-heading\">Je souhaite devenir capitaine d'\u00e9quipe, que faut-il faire ?<\/span><\/a><\/h4><\/div><div id=\"48bfbe843b48f2927\" class=\"panel-collapse collapse \" aria-labelledby=\"toggle_48bfbe843b48f2927\"><div class=\"panel-body toggle-content fusion-clearfix\">\n<p>Rien de plus simple !<\/p>\n<p>Vous formez une \u00e9quipe de 6 \u00e0 10 coll\u00e8gues et vous compl\u00e9tez le formulaire d\u2019inscription: vous voici capitaine du CHU Trophy !<\/p>\n<p>Ensuite, vous serez notre point de contact pour votre \u00e9quipe et nous vous inviterons \u00e0 venir retirer bracelets, bandanas et monnaies Plopsa au Service Communication lorsque ceux-ci seront disponibles.<\/p>\n<\/div><\/div><\/div><div class=\"fusion-panel panel-default panel-f212272b0414ffff7 fusion-toggle-has-divider\"><div class=\"panel-heading\"><h4 class=\"panel-title toggle\" id=\"toggle_f212272b0414ffff7\"><a aria-expanded=\"false\" aria-controls=\"f212272b0414ffff7\" role=\"button\" data-toggle=\"collapse\" data-parent=\"#accordion-11-2\" data-target=\"#f212272b0414ffff7\" href=\"#f212272b0414ffff7\"><span class=\"fusion-toggle-icon-wrapper\" aria-hidden=\"true\"><i class=\"fa-fusion-box active-icon awb-icon-minus\" aria-hidden=\"true\"><\/i><i class=\"fa-fusion-box inactive-icon awb-icon-plus\" aria-hidden=\"true\"><\/i><\/span><span class=\"fusion-toggle-heading\">Les accompagnants peuvent-ils rester avec leur \u00e9quipe sur le CHU Trophy ?<\/span><\/a><\/h4><\/div><div id=\"f212272b0414ffff7\" class=\"panel-collapse collapse \" aria-labelledby=\"toggle_f212272b0414ffff7\"><div class=\"panel-body toggle-content fusion-clearfix\">\n<p>Ce n&rsquo;est pas interdit, mais, sur le parcours du CHU Trophy, rien n&rsquo;est organis\u00e9 pour les accompagnants.<\/p>\n<p>En revanche, vous pouvez acc\u00e9der au parc Plopsa, qui sera ouvert d\u00e8s 10h, et profiter de l&rsquo;ensemble des attractions.<\/p>\n<\/div><\/div><\/div><div class=\"fusion-panel panel-default panel-c679168bdf192df92 fusion-toggle-has-divider\"><div class=\"panel-heading\"><h4 class=\"panel-title toggle\" id=\"toggle_c679168bdf192df92\"><a aria-expanded=\"false\" aria-controls=\"c679168bdf192df92\" role=\"button\" data-toggle=\"collapse\" data-parent=\"#accordion-11-2\" data-target=\"#c679168bdf192df92\" href=\"#c679168bdf192df92\"><span class=\"fusion-toggle-icon-wrapper\" aria-hidden=\"true\"><i class=\"fa-fusion-box active-icon awb-icon-minus\" aria-hidden=\"true\"><\/i><i class=\"fa-fusion-box inactive-icon awb-icon-plus\" aria-hidden=\"true\"><\/i><\/span><span class=\"fusion-toggle-heading\">A quelle heure les \u00e9quipes sont invit\u00e9es \u00e0 se rendre \u00e0 Plopsa ? <\/span><\/a><\/h4><\/div><div id=\"c679168bdf192df92\" class=\"panel-collapse collapse \" aria-labelledby=\"toggle_c679168bdf192df92\"><div class=\"panel-body toggle-content fusion-clearfix\">\n<p>Le parc ouvre ses portes \u00e0 10h. Pour une bonne organisation, les \u00e9quipes du <strong>CHU Trophy sont invit\u00e9es \u00e0 se rendre au parc \u00e0 9h30<\/strong>. Un briefing est pr\u00e9vu \u00e0 10h et les \u00e9preuves s&rsquo;organiseront de 10h30 \u00e0 13h30. A la fin des \u00e9preuves, vous pourrez profiter pleinement des attractions et de toutes les animations propos\u00e9es dans le parc.<\/p>\n<p>NB : Soyez \u00e0 l&rsquo;heure et \u00e9vitez \u00e0 votre \u00e9quipe de perdre des <em>\u00ab\u00a0points\u00a0\u00bb<\/em> inutiles \ud83d\ude42 !<\/p>\n<\/div><\/div><\/div><\/div><\/div><div class=\"fusion-clearfix\"><\/div><\/div><\/div><\/div><\/div><div class=\"fusion-fullwidth fullwidth-box fusion-builder-row-2 hundred-percent-fullwidth non-hundred-percent-height-scrolling\" style=\"--awb-background-position:left top;--awb-border-radius-top-left:0px;--awb-border-radius-top-right:0px;--awb-border-radius-bottom-right:0px;--awb-border-radius-bottom-left:0px;--awb-padding-top:0px;--awb-padding-right:0px;--awb-padding-bottom:0px;--awb-padding-left:0px;--awb-border-sizes-top:0px;--awb-border-sizes-bottom:0px;--awb-flex-wrap:wrap;\" ><div class=\"fusion-builder-row fusion-row\"><div class=\"fusion-layout-column fusion_builder_column fusion-builder-column-3 fusion_builder_column_1_1 1_1 fusion-one-full fusion-column-first fusion-column-last fusion-column-no-min-height\" style=\"--awb-bg-size:cover;--awb-margin-bottom:0px;\"><div class=\"fusion-column-wrapper fusion-flex-column-wrapper-legacy\"><div class=\"fusion-sep-clear\"><\/div><div class=\"fusion-separator fusion-full-width-sep\" style=\"margin-left: auto;margin-right: auto;margin-bottom:20px;width:100%;\"><\/div><div class=\"fusion-sep-clear\"><\/div><div class=\"fusion-clearfix\"><\/div><\/div><\/div><div class=\"fusion-layout-column fusion_builder_column fusion-builder-column-4 fusion_builder_column_1_1 1_1 fusion-one-full fusion-column-first fusion-column-last fusion-column-no-min-height\" style=\"--awb-bg-size:cover;--awb-margin-bottom:0px;\"><div class=\"fusion-column-wrapper fusion-flex-column-wrapper-legacy\">\t\t\t\t\t<script type=\"text\/javascript\">\n\t\t\t\t\t\tvar map_fusion_map_69d656cd6b6fe;\n\t\t\t\t\t\tvar markers = [];\n\t\t\t\t\t\tvar counter = 0;\n\t\t\t\t\t\t\t\t\t\t\t\t\t\t\t\t\t\t\t\tvar fusionMapNonce = '712a1d358e';\n\t\t\t\t\t\t\t\t\t\t\t\tfunction fusion_run_map_fusion_map_69d656cd6b6fe() {\n\t\t\t\t\t\t\tjQuery ('#fusion_map_69d656cd6b6fe' ).fusion_maps( {\n\t\t\t\t\t\t\t\taddresses: [{\"address\":\"Grand Coo,1 4970 Stavelot\",\"infobox_content\":\"\",\"coordinates\":false,\"cache\":true,\"latitude\":\"50.3932757\",\"longitude\":\"5.872046299999965\"}],\n\t\t\t\t\t\t\t\tanimations: true,\n\t\t\t\t\t\t\t\tinfobox_background_color: 'rgba(102,102,164,.8)',\n\t\t\t\t\t\t\t\tinfobox_styling: 'custom',\n\t\t\t\t\t\t\t\tinfobox_text_color: '#ffffff',\n\t\t\t\t\t\t\t\tmap_style: 'custom',\n\t\t\t\t\t\t\t\tmap_type: 'satellite',\n\t\t\t\t\t\t\t\tmarker_icon: '',\n\t\t\t\t\t\t\t\toverlay_color: '#6666a4',\n\t\t\t\t\t\t\t\toverlay_color_hsl: {\"hue\":240,\"sat\":25,\"lum\":52},\n\t\t\t\t\t\t\t\tshow_address: false,\n\t\t\t\t\t\t\t\tscale_control: false,\n\t\t\t\t\t\t\t\tscrollwheel: false,\n\t\t\t\t\t\t\t\tzoom: 16,\n\t\t\t\t\t\t\t\tzoom_control: false,\n\t\t\t\t\t\t\t} );\n\t\t\t\t\t\t}\n\n\t\t\t\t\t\tgoogle.maps.event.addDomListener(window, 'load', fusion_run_map_fusion_map_69d656cd6b6fe);\n\t\t\t\t\t<\/script>\n\t\t\t\t\t<div class=\"shortcode-map fusion-google-map fusion-maps-js-type\" style=\"--awb-height:700px;\" id=\"fusion_map_69d656cd6b6fe\"><\/div><div class=\"fusion-clearfix\"><\/div><\/div><\/div><\/div><\/div><\/p>\n","protected":false},"excerpt":{"rendered":"","protected":false},"author":4,"featured_media":0,"parent":0,"menu_order":0,"comment_status":"closed","ping_status":"open","template":"100-width.php","meta":{"footnotes":""},"class_list":["post-11","page","type-page","status-publish","hentry"],"_links":{"self":[{"href":"https:\/\/events.chuliege.be\/fete-personnel-2016\/wp-json\/wp\/v2\/pages\/11","targetHints":{"allow":["GET"]}}],"collection":[{"href":"https:\/\/events.chuliege.be\/fete-personnel-2016\/wp-json\/wp\/v2\/pages"}],"about":[{"href":"https:\/\/events.chuliege.be\/fete-personnel-2016\/wp-json\/wp\/v2\/types\/page"}],"author":[{"embeddable":true,"href":"https:\/\/events.chuliege.be\/fete-personnel-2016\/wp-json\/wp\/v2\/users\/4"}],"replies":[{"embeddable":true,"href":"https:\/\/events.chuliege.be\/fete-personnel-2016\/wp-json\/wp\/v2\/comments?post=11"}],"version-history":[{"count":51,"href":"https:\/\/events.chuliege.be\/fete-personnel-2016\/wp-json\/wp\/v2\/pages\/11\/revisions"}],"predecessor-version":[{"id":1278,"href":"https:\/\/events.chuliege.be\/fete-personnel-2016\/wp-json\/wp\/v2\/pages\/11\/revisions\/1278"}],"wp:attachment":[{"href":"https:\/\/events.chuliege.be\/fete-personnel-2016\/wp-json\/wp\/v2\/media?parent=11"}],"curies":[{"name":"wp","href":"https:\/\/api.w.org\/{rel}","templated":true}]}}