{"id":4161,"date":"2024-12-16T10:41:39","date_gmt":"2024-12-16T09:41:39","guid":{"rendered":"https:\/\/events.chuliege.be\/d-esthetics-formations\/?page_id=4161"},"modified":"2025-09-22T10:21:52","modified_gmt":"2025-09-22T08:21:52","slug":"programme-des-cours","status":"publish","type":"page","link":"https:\/\/events.chuliege.be\/du-esthetics\/programme-des-cours\/","title":{"rendered":"Programme des cours"},"content":{"rendered":"<p><div class=\"fusion-fullwidth fullwidth-box fusion-builder-row-1 fusion-flex-container has-pattern-background has-mask-background fusion-parallax-none nonhundred-percent-fullwidth non-hundred-percent-height-scrolling\" style=\"--link_color: #ffffff;--awb-border-sizes-top:0px;--awb-border-sizes-bottom:0px;--awb-border-sizes-left:0px;--awb-border-sizes-right:0px;--awb-border-color:#ffffff;--awb-border-radius-top-left:0px;--awb-border-radius-top-right:0px;--awb-border-radius-bottom-right:0px;--awb-border-radius-bottom-left:0px;--awb-padding-top:5%;--awb-margin-bottom:0px;--awb-background-color:#ffffff;--awb-background-image:linear-gradient(113deg, #000000 0%,rgba(255,255,255,0) 85%),url(https:\/\/events.chuliege.be\/du-esthetics\/wp-content\/uploads\/sites\/12\/2024\/12\/MA22_20201015_D-ESTHETICS-9927-copy-1024x682.jpeg);;--awb-background-size:cover;--awb-flex-wrap:wrap;\" ><div class=\"fusion-builder-row fusion-row fusion-flex-align-items-center fusion-flex-content-wrap\" style=\"max-width:1287px;margin-left: calc(-10% \/ 2 );margin-right: calc(-10% \/ 2 );\"><div class=\"fusion-layout-column fusion_builder_column fusion-builder-column-0 fusion_builder_column_1_1 1_1 fusion-flex-column\" style=\"--awb-bg-size:cover;--awb-width-large:100%;--awb-margin-top-large:0px;--awb-spacing-right-large:4.5%;--awb-margin-bottom-large:0px;--awb-spacing-left-large:4.5%;--awb-width-medium:66.666666666667%;--awb-order-medium:0;--awb-spacing-right-medium:6.75%;--awb-spacing-left-medium:6.75%;--awb-width-small:100%;--awb-order-small:1;--awb-spacing-right-small:4.5%;--awb-spacing-left-small:4.5%;\"><div class=\"fusion-column-wrapper fusion-column-has-shadow fusion-flex-justify-content-flex-start fusion-content-layout-column\"><nav class=\"fusion-breadcrumbs fusion-breadcrumbs-1 fusion-animated\" style=\"--awb-margin-bottom:10px;--awb-text-hover-color:rgba(255,255,255,0.83);--awb-text-color:#ffffff;--awb-breadcrumb-sep:&#039;\/&#039;;\" aria-label=\"Breadcrumb\" data-animationType=\"fadeInUp\" data-animationDuration=\"0.8\" data-animationOffset=\"top-into-view\"><ol class=\"awb-breadcrumb-list\"><li class=\"fusion-breadcrumb-item awb-breadcrumb-sep awb-home\" ><a href=\"https:\/\/events.chuliege.be\/du-esthetics\" class=\"fusion-breadcrumb-link\"><span >Home<\/span><\/a><\/li><\/ol><\/nav><div class=\"fusion-title title fusion-title-1 fusion-sep-none fusion-title-text fusion-title-size-one fusion-animated\" style=\"--awb-text-color:#ffffff;--awb-margin-top:10px;--awb-margin-top-small:10px;--awb-margin-right-small:0px;--awb-margin-bottom-small:20px;--awb-margin-left-small:0px;--awb-font-size:67px;\" data-animationType=\"fadeInUp\" data-animationDuration=\"0.8\" data-animationOffset=\"top-into-view\"><h1 class=\"fusion-title-heading title-heading-left fusion-responsive-typography-calculated\" style=\"font-family:&quot;Poppins&quot;;font-style:normal;font-weight:400;margin:0;text-transform:uppercase;font-size:1em;--fontSize:67;line-height:1.2;\">Programme des cours<\/h1><\/div><div class=\"fusion-section-separator section-separator slant fusion-section-separator-1\" style=\"--awb-spacer-height:99px;--awb-svg-margin-left:4.5%;--awb-svg-margin-right:4.5%;--awb-svg-margin-left-medium:6.75%;--awb-svg-margin-right-medium:6.75%;--awb-svg-margin-left-small:4.5%;--awb-svg-margin-right-small:4.5%;--awb-divider-height:99px;--awb-spacer-padding-top:inherit;--awb-sep-padding:0;--awb-svg-padding:0;--awb-svg-tag-margin-bottom:-3px;--awb-sep-svg-display:block;--awb-margin-top:6vw;\"><div class=\"fusion-section-separator-svg\"><svg class=\"fusion-slant-candy\" xmlns=\"http:\/\/www.w3.org\/2000\/svg\" version=\"1.1\" width=\"100%\" height=\"100\" viewBox=\"0 0 100 100\" preserveAspectRatio=\"none\" fill=\"rgba(255,255,255,1)\"><path d=\"M0 0 L0 100 L100 100 Z\"><\/path><\/svg><\/div><div class=\"fusion-section-separator-spacer\"><div class=\"fusion-section-separator-spacer-height\"><\/div><\/div><\/div><\/div><\/div><\/div><\/div><div class=\"fusion-fullwidth fullwidth-box fusion-builder-row-2 fusion-flex-container has-pattern-background has-mask-background nonhundred-percent-fullwidth non-hundred-percent-height-scrolling\" style=\"--awb-border-radius-top-left:0px;--awb-border-radius-top-right:0px;--awb-border-radius-bottom-right:0px;--awb-border-radius-bottom-left:0px;--awb-flex-wrap:wrap;\" ><div class=\"fusion-builder-row fusion-row fusion-flex-align-items-flex-start fusion-flex-content-wrap\" style=\"max-width:1216.8px;margin-left: calc(-4% \/ 2 );margin-right: calc(-4% \/ 2 );\"><div class=\"fusion-layout-column fusion_builder_column fusion-builder-column-1 fusion_builder_column_1_1 1_1 fusion-flex-column\" style=\"--awb-bg-size:cover;--awb-width-large:100%;--awb-margin-top-large:0px;--awb-spacing-right-large:1.92%;--awb-margin-bottom-large:30px;--awb-spacing-left-large:1.92%;--awb-width-medium:100%;--awb-order-medium:0;--awb-spacing-right-medium:1.92%;--awb-spacing-left-medium:1.92%;--awb-width-small:100%;--awb-order-small:0;--awb-spacing-right-small:1.92%;--awb-spacing-left-small:1.92%;\"><div class=\"fusion-column-wrapper fusion-column-has-shadow fusion-flex-justify-content-flex-start fusion-content-layout-column\"><\/div><\/div><\/div><\/div><div class=\"fusion-fullwidth fullwidth-box fusion-builder-row-3 has-pattern-background has-mask-background hundred-percent-fullwidth non-hundred-percent-height-scrolling fusion-animated\" style=\"--awb-border-sizes-top:0px;--awb-border-sizes-bottom:0px;--awb-border-sizes-left:0px;--awb-border-sizes-right:0px;--awb-border-radius-top-left:0px;--awb-border-radius-top-right:0px;--awb-border-radius-bottom-right:0px;--awb-border-radius-bottom-left:0px;--awb-padding-top:20px;--awb-padding-right:3%;--awb-padding-bottom:0px;--awb-padding-left:5%;--awb-background-color:#ffffff;--awb-flex-wrap:wrap;\" data-animationType=\"bounceInRight\" data-animationDuration=\"2.0\" data-animationOffset=\"top-into-view\" ><div class=\"awb-background-mask\" style=\"background-image:  url(data:image\/svg+xml;utf8,%3Csvg%20width%3D%221920%22%20height%3D%22954%22%20fill%3D%22none%22%20xmlns%3D%22http%3A%2F%2Fwww.w3.org%2F2000%2Fsvg%22%3E%3Cpath%20fill-rule%3D%22evenodd%22%20clip-rule%3D%22evenodd%22%20d%3D%22M1920%200H0v954h778.074l242.786-434.234c6.47-11.566%2022.45-20.942%2035.71-20.942h109.86l205.43-371.883c6.47-11.565%2022.46-20.941%2035.71-20.941h376.02c30.93%200%2043.77%2021.877%2028.68%2048.863L1371%20954h88.38l296.28-534.011c6.47-11.664%2022.45-21.12%2035.7-21.12H1920V0z%22%20fill%3D%22rgba%28255%2C255%2C255%2C1%29%22%2F%3E%3C%2Fsvg%3E);opacity: 0.6 ;transform: scale(1, 1);mix-blend-mode:normal;\"><\/div><div class=\"fusion-builder-row fusion-row\"><div class=\"fusion-layout-column fusion_builder_column fusion-builder-column-2 fusion_builder_column_1_5 1_5 fusion-one-fifth fusion-column-first fusion-no-small-visibility fusion-animated\" style=\"--awb-padding-top:5%;--awb-padding-right:1%;--awb-padding-bottom:1%;--awb-padding-left:1%;--awb-bg-color:rgba(0,185,241,0);--awb-bg-color-hover:rgba(0,185,241,0);--awb-bg-size:cover;--awb-border-color:#00b9f1;--awb-border-top:0;--awb-border-right:0;--awb-border-bottom:0;--awb-border-left:0;--awb-border-style:solid;width:20%;width:calc(20% - ( ( 4% + 4% ) * 0.2 ) );margin-right: 4%;\" data-animationType=\"fadeInUp\" data-animationDuration=\"0.2\" data-animationOffset=\"top-into-view\"><div class=\"fusion-column-wrapper fusion-flex-column-wrapper-legacy\"><div class=\"fusion-column-content-centered\"><div class=\"fusion-column-content\"><\/div><\/div><div class=\"fusion-clearfix\"><\/div><\/div><\/div><div class=\"fusion-layout-column fusion_builder_column fusion-builder-column-3 fusion_builder_column_1_2 1_2 fusion-one-half\" style=\"--awb-bg-size:cover;width:50%;width:calc(50% - ( ( 4% + 4% ) * 0.5 ) );margin-right: 4%;\"><div class=\"fusion-column-wrapper fusion-column-has-shadow fusion-flex-column-wrapper-legacy\"><ul style=\"--awb-size:18px;--awb-textcolor:#000000;--awb-line-height:30.6px;--awb-icon-width:30.6px;--awb-icon-height:30.6px;--awb-icon-margin:12.6px;--awb-content-margin:43.2px;--awb-circlecolor:#000000;--awb-circle-yes-font-size:15.84px;\" class=\"fusion-checklist fusion-checklist-1 fusion-checklist-default type-icons\"><li class=\"fusion-li-item\" style=\"\"><span class=\"icon-wrapper circle-yes\"><i class=\"fusion-li-icon awb-icon-check\" aria-hidden=\"true\"><\/i><\/span><div class=\"fusion-li-item-content\">\n<p><strong>Analyse des plans de traitement<\/strong><\/p>\n<ul>\n<li>Photographie dentaire<\/li>\n<li>Analyse virtuelle du sourire en utilisant des logiciels universels (PowerPoint et Keynote) et de Smilecloud<\/li>\n<li>Elaboration des plans de traitement<\/li>\n<\/ul>\n<\/div><\/li><li class=\"fusion-li-item\" style=\"\"><span class=\"icon-wrapper circle-yes\"><i class=\"fusion-li-icon awb-icon-check\" aria-hidden=\"true\"><\/i><\/span><div class=\"fusion-li-item-content\">\n<p><strong>Traitement des taches et restaurations directes esth\u00e9tiques<\/strong><\/p>\n<ul>\n<li>Techniques d\u2019\u00e9claircissement dentaire<\/li>\n<li>Traitement des taches blanches (\u00e9rosion\/infiltration)<\/li>\n<li>Composites directs dans le secteur esth\u00e9tique<\/li>\n<li>Composites directs post\u00e9rieurs<\/li>\n<\/ul>\n<\/div><\/li><li class=\"fusion-li-item\" style=\"\"><span class=\"icon-wrapper circle-yes\"><i class=\"fusion-li-icon awb-icon-check\" aria-hidden=\"true\"><\/i><\/span><div class=\"fusion-li-item-content\">\n<p><strong>Nouveaux mat\u00e9riaux et nouvelles technologies<\/strong><\/p>\n<ul>\n<li>Vitroc\u00e9ramiques<\/li>\n<li>Zircone<\/li>\n<li>Composites CFOA et c\u00e9ramiques hybrides<\/li>\n<li>Colles<\/li>\n<\/ul>\n<\/div><\/li><li class=\"fusion-li-item\" style=\"\"><span class=\"icon-wrapper circle-yes\"><i class=\"fusion-li-icon awb-icon-check\" aria-hidden=\"true\"><\/i><\/span><div class=\"fusion-li-item-content\">\n<p><strong>Restaurations indirectes minimalement invasives<\/strong><\/p>\n<ul>\n<li>Facettes<\/li>\n<li>Restaurations Partielles Coll\u00e9es post\u00e9rieures<\/li>\n<li>Endocouronnes<\/li>\n<li>Ponts coll\u00e9s en c\u00e9ramique<\/li>\n<li>Limites de l\u2019endodontie et reconstructions corono-radiculaires<\/li>\n<li>Gestion des tissus mous: duo paro-proth\u00e8se<\/li>\n<li>Pose de la digue en proth\u00e8se<\/li>\n<li>Prise de teintes<\/li>\n<\/ul>\n<\/div><\/li><li class=\"fusion-li-item\" style=\"\"><span class=\"icon-wrapper circle-yes\"><i class=\"fusion-li-icon awb-icon-check\" aria-hidden=\"true\"><\/i><\/span><div class=\"fusion-li-item-content\">\n<p><strong>Esth\u00e9tique sur implants<\/strong><\/p>\n<ul>\n<li>Digital workflow en proth\u00e8se sur implant<\/li>\n<li>Gestion des couronnes sur implant dans la zone esth\u00e9tique: le duo paro-proth\u00e8se<\/li>\n<li>Gestion des patients \u00e9dent\u00e9s<\/li>\n<li>Mise en charge imm\u00e9diate des implants<\/li>\n<li>Sant\u00e9 et stabilit\u00e9 des tissus p\u00e9ri-implantaires<\/li>\n<\/ul>\n<\/div><\/li><li class=\"fusion-li-item\" style=\"\"><span class=\"icon-wrapper circle-yes\"><i class=\"fusion-li-icon awb-icon-check\" aria-hidden=\"true\"><\/i><\/span><div class=\"fusion-li-item-content\">\n<p><strong>Gestion des cas d\u2019usure<\/strong><\/p>\n<ul>\n<li>Gestion de l\u2019occlusion et de la DVO: techniques d\u2019enregistrement de la relation occlusale dans un traitement proth\u00e9tique, approche classique et approche num\u00e9rique (syst\u00e8me Modjaw)<\/li>\n<li>Gestion des cas d\u2019usure : diagnostic, pr\u00e9vention et prise en charge<\/li>\n<li>Gestion des cas d\u2019usure dentaire g\u00e9n\u00e9ralis\u00e9e: les diff\u00e9rentes techniques de restauration directes et indirectes, incluant le protocole One-step No-prep avec des c\u00e9ramiques hybrides<\/li>\n<li>Gestion des cas d\u2019usure localis\u00e9e: le protocole One-step No-prep assist\u00e9 par l\u2019orthodontie<\/li>\n<\/ul>\n<\/div><\/li><li class=\"fusion-li-item\" style=\"\"><span class=\"icon-wrapper circle-yes\"><i class=\"fusion-li-icon awb-icon-check\" aria-hidden=\"true\"><\/i><\/span><div class=\"fusion-li-item-content\">\n<p><b>Gestion des cas pluridisciplinaires<\/b><\/p>\n<ul>\n<li>Apport de l\u2019orthodontie en dentisterie esth\u00e9tique et minimalement invasive : le duo proth\u00e8se-orthodontie<\/li>\n<li>Prise en charge des cas pluridisciplinaires complexes proth\u00e8se-chirurgie-orthodontie<\/li>\n<li>Communication \u00e0 distance entre praticiens<\/li>\n<li>Gestion et stockage des donn\u00e9es \u00e0 partager, aspect m\u00e9dico-l\u00e9gaux<\/li>\n<\/ul>\n<\/div><\/li><li class=\"fusion-li-item\" style=\"\"><span class=\"icon-wrapper circle-yes\"><i class=\"fusion-li-icon awb-icon-check\" aria-hidden=\"true\"><\/i><\/span><div class=\"fusion-li-item-content\">\n<p><strong>S\u00e9minaires plans de traitement avec les cas cliniques des participants<\/strong><\/p>\n<\/div><\/li><li class=\"fusion-li-item\" style=\"\"><span class=\"icon-wrapper circle-yes\"><i class=\"fusion-li-icon awb-icon-check\" aria-hidden=\"true\"><\/i><\/span><div class=\"fusion-li-item-content\">\n<p><strong>Travaux pratiques<\/strong><\/p>\n<ul>\n<li>Photographie<\/li>\n<li>Analyse Virtuelle du Sourire: Keynote, PowerPoint et Smilecloud<\/li>\n<li>Stratification des composites directs ant\u00e9rieurs<\/li>\n<li>Facette palatine en c\u00e9ramique hybride: collage et masquage<\/li>\n<li>Composites directs post\u00e9rieurs<\/li>\n<li>Pose de la digue en proth\u00e8se<\/li>\n<li>Pr\u00e9parations pour facettes<\/li>\n<li>Pr\u00e9parations pour restaurations partielles coll\u00e9es post\u00e9rieures et endocouronnes<\/li>\n<li>Collage des restaurations partielles<\/li>\n<li>Enregistrement de l\u2019occlusion: arc facial, but\u00e9e et Modjaw<\/li>\n<li>Mock up dans les cas d\u2019usure dentaire<\/li>\n<\/ul>\n<\/div><\/li><li class=\"fusion-li-item\" style=\"\"><span class=\"icon-wrapper circle-yes\"><i class=\"fusion-li-icon awb-icon-check\" aria-hidden=\"true\"><\/i><\/span><div class=\"fusion-li-item-content\">\n<p><strong>Observation clinique des participants avec les mentors<\/strong><\/p>\n<\/div><\/li><li class=\"fusion-li-item\" style=\"\"><span class=\"icon-wrapper circle-yes\"><i class=\"fusion-li-icon awb-icon-check\" aria-hidden=\"true\"><\/i><\/span><div class=\"fusion-li-item-content\">\n<p><strong>R\u00e9alisation de 2 cas cliniques complets en mentorat<\/strong><\/p>\n<\/div><\/li><\/ul><div class=\"fusion-clearfix\"><\/div><\/div><\/div><div class=\"fusion-layout-column fusion_builder_column fusion-builder-column-4 fusion_builder_column_1_5 1_5 fusion-one-fifth fusion-column-last fusion-no-small-visibility fusion-animated\" style=\"--awb-padding-top:5%;--awb-padding-right:1%;--awb-padding-bottom:1%;--awb-padding-left:1%;--awb-bg-color:rgba(0,185,241,0);--awb-bg-color-hover:rgba(0,185,241,0);--awb-bg-size:cover;--awb-border-color:#00b9f1;--awb-border-top:0;--awb-border-right:0;--awb-border-bottom:0;--awb-border-left:0;--awb-border-style:solid;width:20%;width:calc(20% - ( ( 4% + 4% ) * 0.2 ) );\" data-animationType=\"fadeInUp\" data-animationDuration=\"0.2\" data-animationOffset=\"top-into-view\"><div class=\"fusion-column-wrapper fusion-flex-column-wrapper-legacy\"><div class=\"fusion-column-content-centered\"><div class=\"fusion-column-content\"><\/div><\/div><div class=\"fusion-clearfix\"><\/div><\/div><\/div><div class=\"fusion-layout-column fusion_builder_column fusion-builder-column-5 fusion_builder_column_1_6 1_6 fusion-one-sixth fusion-column-first\" style=\"--awb-bg-blend:overlay;--awb-bg-size:cover;width:16.666666666667%;width:calc(16.666666666667% - ( ( 4% ) * 0.16666666666667 ) );margin-right: 4%;\"><div class=\"fusion-column-wrapper fusion-flex-column-wrapper-legacy\"><div class=\"fusion-clearfix\"><\/div><\/div><\/div><div class=\"fusion-layout-column fusion_builder_column fusion-builder-column-6 fusion_builder_column_1_6 1_6 fusion-one-sixth fusion-column-last\" style=\"--awb-bg-blend:overlay;--awb-bg-size:cover;width:16.666666666667%;width:calc(16.666666666667% - ( ( 4% ) * 0.16666666666667 ) );\"><div class=\"fusion-column-wrapper fusion-flex-column-wrapper-legacy\"><div class=\"fusion-clearfix\"><\/div><\/div><\/div><\/div><\/div>\n<\/p>\n","protected":false},"excerpt":{"rendered":"","protected":false},"author":31,"featured_media":0,"parent":0,"menu_order":0,"comment_status":"closed","ping_status":"closed","template":"100-width.php","meta":{"footnotes":""},"class_list":["post-4161","page","type-page","status-publish","hentry"],"_links":{"self":[{"href":"https:\/\/events.chuliege.be\/du-esthetics\/wp-json\/wp\/v2\/pages\/4161","targetHints":{"allow":["GET"]}}],"collection":[{"href":"https:\/\/events.chuliege.be\/du-esthetics\/wp-json\/wp\/v2\/pages"}],"about":[{"href":"https:\/\/events.chuliege.be\/du-esthetics\/wp-json\/wp\/v2\/types\/page"}],"author":[{"embeddable":true,"href":"https:\/\/events.chuliege.be\/du-esthetics\/wp-json\/wp\/v2\/users\/31"}],"replies":[{"embeddable":true,"href":"https:\/\/events.chuliege.be\/du-esthetics\/wp-json\/wp\/v2\/comments?post=4161"}],"version-history":[{"count":50,"href":"https:\/\/events.chuliege.be\/du-esthetics\/wp-json\/wp\/v2\/pages\/4161\/revisions"}],"predecessor-version":[{"id":4664,"href":"https:\/\/events.chuliege.be\/du-esthetics\/wp-json\/wp\/v2\/pages\/4161\/revisions\/4664"}],"wp:attachment":[{"href":"https:\/\/events.chuliege.be\/du-esthetics\/wp-json\/wp\/v2\/media?parent=4161"}],"curies":[{"name":"wp","href":"https:\/\/api.w.org\/{rel}","templated":true}]}}